{"id":80,"date":"2022-02-10T20:23:18","date_gmt":"2022-02-10T19:23:18","guid":{"rendered":"http:\/\/valmy1792.org\/?page_id=80"},"modified":"2024-04-04T19:12:37","modified_gmt":"2024-04-04T17:12:37","slug":"franc-maconnerie-en-seine-et-marne","status":"publish","type":"page","link":"https:\/\/valmy1792.org\/","title":{"rendered":"Bienvenue sur le site de la loge Valmy 1792."},"content":{"rendered":"\n<p>\u00ab\u00a0<strong>Valmy 1792&Prime; est une <a href=\"https:\/\/valmy1792.org\/?page_id=26\">loge<\/a> du <a href=\"https:\/\/valmy1792.org\/?page_id=18\">Grand Orient<\/a> de France se r\u00e9unissant \u00e0 Pontault-Combault en Seine et Marne.<\/strong><\/p>\n\n\n\n<p>Nous vous invitons \u00e0 parcourir notre site pour entrevoir ce qu&rsquo;est la <a href=\"https:\/\/valmy1792.org\/?page_id=18\">Franc-ma\u00e7onnerie<\/a> et quel est le but d&rsquo;une <a href=\"https:\/\/valmy1792.org\/?page_id=26\">loge<\/a> ma\u00e7onnique.<\/p>\n\n\n\n<p>De nombreux liens vous permettent de naviguer d&rsquo;une page \u00e0 l&rsquo;autre.<\/p>\n\n\n\n<p><em>Nous vous souhaitons une bonne lecture et vous remercions pour l\u2019int\u00e9r\u00eat que vous portez \u00e0 notre travail.<\/em><\/p>\n","protected":false},"excerpt":{"rendered":"<p>\u00ab\u00a0Valmy 1792&Prime; est une loge du Grand Orient de France se r\u00e9unissant \u00e0 Pontault-Combault en Seine et Marne. Nous vous invitons \u00e0 parcourir notre site pour entrevoir ce qu&rsquo;est la Franc-ma\u00e7onnerie et quel est le but d&rsquo;une loge ma\u00e7onnique. De nombreux liens vous permettent de naviguer d&rsquo;une page \u00e0 l&rsquo;autre. Nous vous souhaitons une bonne [&hellip;]<\/p>\n","protected":false},"author":1,"featured_media":0,"parent":0,"menu_order":0,"comment_status":"closed","ping_status":"closed","template":"","meta":{"footnotes":""},"class_list":["post-80","page","type-page","status-publish","hentry"],"_links":{"self":[{"href":"https:\/\/valmy1792.org\/index.php?rest_route=\/wp\/v2\/pages\/80","targetHints":{"allow":["GET"]}}],"collection":[{"href":"https:\/\/valmy1792.org\/index.php?rest_route=\/wp\/v2\/pages"}],"about":[{"href":"https:\/\/valmy1792.org\/index.php?rest_route=\/wp\/v2\/types\/page"}],"author":[{"embeddable":true,"href":"https:\/\/valmy1792.org\/index.php?rest_route=\/wp\/v2\/users\/1"}],"replies":[{"embeddable":true,"href":"https:\/\/valmy1792.org\/index.php?rest_route=%2Fwp%2Fv2%2Fcomments&post=80"}],"version-history":[{"count":8,"href":"https:\/\/valmy1792.org\/index.php?rest_route=\/wp\/v2\/pages\/80\/revisions"}],"predecessor-version":[{"id":510,"href":"https:\/\/valmy1792.org\/index.php?rest_route=\/wp\/v2\/pages\/80\/revisions\/510"}],"wp:attachment":[{"href":"https:\/\/valmy1792.org\/index.php?rest_route=%2Fwp%2Fv2%2Fmedia&parent=80"}],"curies":[{"name":"wp","href":"https:\/\/api.w.org\/{rel}","templated":true}]}}