{"id":69,"date":"2022-02-10T20:21:27","date_gmt":"2022-02-10T19:21:27","guid":{"rendered":"http:\/\/valmy1792.org\/?page_id=69"},"modified":"2023-07-12T15:39:00","modified_gmt":"2023-07-12T13:39:00","slug":"glossaire","status":"publish","type":"page","link":"https:\/\/valmy1792.org\/?page_id=69","title":{"rendered":"Glossaire"},"content":{"rendered":"\n<p class=\"has-larger-font-size\" id=\"hautpage\"><strong>A <a href=\"#ancreB\">B<\/a> <a href=\"#ancreC\">C<\/a> <a href=\"#ancreD\">D<\/a> <a href=\"#ancreE\">E<\/a> <a href=\"#ancreG\">G<\/a> <a href=\"#ancreI\" data-type=\"URL\">I<\/a> <a href=\"#ancreK\">K<\/a> <a href=\"#ancreL\">L<\/a> <a href=\"#ancreM\">M<\/a> <a href=\"#ancreO\">O<\/a> <a href=\"#ancreP\">P<\/a> <a href=\"#ancreR\">R<\/a> <a href=\"#ancreS\">S<\/a> <a href=\"#ancreT\">T<\/a> <a href=\"#ancreV\">V<\/a><\/strong><\/p>\n\n\n\n<div class=\"wp-block-columns is-layout-flex wp-container-core-columns-is-layout-9d6595d7 wp-block-columns-is-layout-flex\">\n<div class=\"wp-block-column is-layout-flow wp-block-column-is-layout-flow\">\n<figure class=\"wp-block-table is-style-stripes\"><table class=\"has-fixed-layout\"><tbody><tr><td><a href=\"https:\/\/valmy1792.org\/?page_id=18\">Agapes<\/a><\/td><td>Repas<\/td><\/tr><tr><td>Aldrin (Buzz)<\/td><td>Astronaute am\u00e9ricain<\/td><\/tr><tr><td><a href=\"https:\/\/valmy1792.org\/?page_id=18\">Anderson<\/a> (James)<\/td><td>R\u00e9dacteur de la premi\u00e8re constitution<\/td><\/tr><tr><td><a href=\"https:\/\/valmy1792.org\/?page_id=18\">Apprenti<\/a><\/td><td>Premier grade en <a href=\"https:\/\/valmy1792.org\/?page_id=26\">loge<\/a><\/td><\/tr><\/tbody><\/table><\/figure>\n<\/div>\n<\/div>\n\n\n\n<div class=\"wp-block-columns is-layout-flex wp-container-core-columns-is-layout-9d6595d7 wp-block-columns-is-layout-flex\">\n<div class=\"wp-block-column is-layout-flow wp-block-column-is-layout-flow\" style=\"flex-basis:100%\">\n<figure id=\"ancreB\" class=\"wp-block-table is-style-stripes\"><table class=\"has-fixed-layout\"><tbody><tr><td><a href=\"http:\/\/valmy1792.org\/?page_id=11\/#Bartholdi\" data-type=\"page\">Bartholdi <\/a>(Auguste)<\/td><td>Le sculpteur de la statue de la <a href=\"https:\/\/valmy1792.org\/?page_id=16\">libert\u00e9<\/a><\/td><\/tr><tr><td>Bechet (Sydney)<\/td><td>Musicien<\/td><\/tr><tr><td>Baker (Jos\u00e9phine)<\/td><td>Artiste de music-hall<\/td><\/tr><tr><td>Brunswick (Charles Guillaume Ferdinand, Duc de)<\/td><td>G\u00e9n\u00e9ral prussien lors de la bataille de Valmy<\/td><\/tr><\/tbody><\/table><\/figure>\n<\/div>\n<\/div>\n\n\n\n<p><a href=\"#hautpage\">Haut de page<\/a><\/p>\n\n\n\n<div class=\"wp-block-columns is-layout-flex wp-container-core-columns-is-layout-9d6595d7 wp-block-columns-is-layout-flex\">\n<div class=\"wp-block-column is-layout-flow wp-block-column-is-layout-flow\" style=\"flex-basis:100%\">\n<div class=\"wp-block-columns is-layout-flex wp-container-core-columns-is-layout-9d6595d7 wp-block-columns-is-layout-flex\">\n<div class=\"wp-block-column is-layout-flow wp-block-column-is-layout-flow\" style=\"flex-basis:100%\">\n<figure id=\"ancreC\" class=\"wp-block-table is-style-stripes\"><table class=\"has-fixed-layout\"><tbody><tr><td class=\"has-text-align-left\" data-align=\"left\">Caillavet (Henri)<\/td><td>D\u00e9put\u00e9 fran\u00e7ais<\/td><\/tr><tr><td class=\"has-text-align-left\" data-align=\"left\">Chapitres<\/td><td>Atelier des <a href=\"https:\/\/valmy1792.org\/?page_id=35\">grades<\/a> sup\u00e9rieurs<\/td><\/tr><tr><td class=\"has-text-align-left\" data-align=\"left\">Compagnon<\/td><td>Deuxi\u00e8me grade en <a href=\"https:\/\/valmy1792.org\/?page_id=26\">loge<\/a><\/td><\/tr><tr><td class=\"has-text-align-left\" data-align=\"left\">Compas<\/td><td>Outil symbolique<\/td><\/tr><tr><td class=\"has-text-align-left\" data-align=\"left\">Constitution<\/td><td>Ensemble de r\u00e8gles d\u00e9finissant les droits et devoirs des francs-ma\u00e7ons<\/td><\/tr><tr><td class=\"has-text-align-left\" data-align=\"left\">Construction<\/td><td>R\u00e9f\u00e9rence symbolique principale<\/td><\/tr><\/tbody><\/table><\/figure>\n<\/div>\n<\/div>\n<\/div>\n<\/div>\n\n\n\n<p><a href=\"#hautpage\">Haut de page<\/a><\/p>\n\n\n\n<figure id=\"ancreD\" class=\"wp-block-table is-style-stripes\"><table class=\"has-fixed-layout\"><tbody><tr><td>Delta<\/td><td>Symbole triangulaire<\/td><\/tr><tr><td>Deraismes (Maria)<\/td><td>Cofondatrice de l&rsquo;ob\u00e9dience Le Droit Humain<\/td><\/tr><tr><td><a href=\"http:\/\/valmy1792.org\/?page_id=11\" data-type=\"page\" data-id=\"11\">Desm<\/a><a href=\"http:\/\/valmy1792.org\/?page_id=11\/#Desmons\" data-type=\"page\">ons <\/a>(Fr\u00e9d\u00e9ric)<\/td><td>Pasteur <a href=\"https:\/\/valmy1792.org\/?page_id=31\">franc-ma\u00e7on<\/a> \u00e0 l\u2019origine de l\u2019abolition de la n\u00e9cessit\u00e9 pour un FM de croire en dieu<\/td><\/tr><tr><td>Droit Humain (le)<\/td><td>Ob\u00e9dience ma\u00e7onnique<\/td><\/tr><tr><td>Dumouriez (Charles-Fran\u00e7ois)<\/td><td>G\u00e9n\u00e9ral fran\u00e7ais officiant lors de la bataille de Valmy<\/td><\/tr><\/tbody><\/table><\/figure>\n\n\n\n<p><a href=\"#hautpage\">Haut de page<\/a><\/p>\n\n\n\n<figure id=\"ancreE\" class=\"wp-block-table is-style-stripes\"><table class=\"has-fixed-layout\"><tbody><tr><td>Equerre<\/td><td>Outil symbolique<\/td><\/tr><\/tbody><\/table><\/figure>\n\n\n\n<p><a href=\"#hautpage\">Haut de page<\/a><\/p>\n\n\n\n<figure id=\"ancreG\" class=\"wp-block-table is-style-stripes\"><table class=\"has-fixed-layout\"><tbody><tr><td><a href=\"https:\/\/valmy1792.org\/?page_id=35\">grades<\/a><\/td><td>Apprentis, compagnon ,maitre, attribu\u00e9s lors de la progression<\/td><\/tr><tr><td>Grand architecte de l\u2019Univers<\/td><td>D\u00e9nomination du dieu de franc-ma\u00e7ons croyants<\/td><\/tr><tr><td><a href=\"https:\/\/valmy1792.org\/?page_id=26\">Grande loge<\/a> f\u00e9minine de France<\/td><td>Ob\u00e9dience ma\u00e7onnique f\u00e9minine<\/td><\/tr><tr><td><a href=\"https:\/\/valmy1792.org\/?page_id=26\">Grande loge<\/a> de France<\/td><td>Ob\u00e9dience ma\u00e7onnique<\/td><\/tr><tr><td><a href=\"https:\/\/valmy1792.org\/?page_id=26\">Grande loge<\/a> mixte de France<\/td><td>Ob\u00e9dience ma\u00e7onnique<\/td><\/tr><tr><td><a href=\"https:\/\/valmy1792.org\/?page_id=26\">Grande loge<\/a> mixte universelle<\/td><td>Ob\u00e9dience ma\u00e7onnique<\/td><\/tr><tr><td><a href=\"https:\/\/valmy1792.org\/?page_id=26\">Grande loge<\/a> nationale de France<\/td><td>Ob\u00e9dience ma\u00e7onnique<\/td><\/tr><tr><td><a href=\"https:\/\/valmy1792.org\/?page_id=26\">Grande loge<\/a> de l\u2019alliance ma\u00e7onnique fran\u00e7aise<\/td><td>Ob\u00e9dience ma\u00e7onnique<\/td><\/tr><tr><td><a href=\"https:\/\/valmy1792.org\/?page_id=18\">Grand Orient<\/a> de France<\/td><td>Ob\u00e9dience ma\u00e7onnique<\/td><\/tr><\/tbody><\/table><\/figure>\n\n\n\n<p><a href=\"#hautpage\">Haut de page<\/a><\/p>\n\n\n\n<figure id=\"ancreI\" class=\"wp-block-table is-style-stripes\"><table class=\"has-fixed-layout\"><tbody><tr><td><a href=\"https:\/\/valmy1792.org\/?page_id=36\">Initiation<\/a><\/td><td>L\u2019<a href=\"https:\/\/valmy1792.org\/?page_id=36\">Initiation<\/a> est la c\u00e9r\u00e9monie d\u2019entr\u00e9e en <a href=\"https:\/\/valmy1792.org\/?page_id=18\">Franc-Ma\u00e7onnerie<\/a><\/td><\/tr><\/tbody><\/table><\/figure>\n\n\n\n<p><a href=\"#hautpage\">Haut de page<\/a><\/p>\n\n\n\n<figure id=\"ancreK\" class=\"wp-block-table is-style-stripes\"><table class=\"has-fixed-layout\"><tbody><tr><td><a href=\"http:\/\/valmy1792.org\/?page_id=11\" data-type=\"page\" data-id=\"11\">Kellerm<\/a><a href=\"http:\/\/valmy1792.org\/?page_id=11\/#Kellermann\" data-type=\"page\">a<\/a><a href=\"http:\/\/valmy1792.org\/?page_id=11\" data-type=\"page\" data-id=\"11\">nn<\/a> (Fran\u00e7ois-Christophe)<\/td><td>G\u00e9n\u00e9ral fran\u00e7ais<br><a href=\"https:\/\/valmy1792.org\/?page_id=31\">franc-ma\u00e7on<\/a> officiant lors de la bataille de Valmy<\/td><\/tr><tr><td>Kipling (Rudyard)<\/td><td>Po\u00e8te <a href=\"https:\/\/valmy1792.org\/?page_id=31\">franc-ma\u00e7on<\/a> auteur de \u00ab&nbsp;Si&nbsp;\u00bb<\/td><\/tr><\/tbody><\/table><\/figure>\n\n\n\n<p><a href=\"#hautpage\">Haut de page<\/a><\/p>\n\n\n\n<figure id=\"ancreL\" class=\"wp-block-table is-style-stripes\"><table class=\"has-fixed-layout\"><tbody><tr><td>Lafayette (Gilbert du Motier)<\/td><td>&nbsp;G\u00e9n\u00e9ral fran\u00e7ais<\/td><\/tr><tr><td>Lindbergh (Charles)<\/td><td>Aviateur am\u00e9ricain<\/td><\/tr><tr><td><a href=\"https:\/\/valmy1792.org\/?page_id=26\">loge<\/a><\/td><td>Assembl\u00e9e de <a href=\"https:\/\/valmy1792.org\/?page_id=31\">franc-ma\u00e7on<\/a> , d\u00e9signe \u00e9galement le lieu de r\u00e9union<\/td><\/tr><\/tbody><\/table><\/figure>\n\n\n\n<p><a href=\"#hautpage\">Haut de page<\/a><\/p>\n\n\n\n<figure id=\"ancreM\" class=\"wp-block-table is-style-stripes\"><table class=\"has-fixed-layout\"><tbody><tr><td>Ma\u00eetre<\/td><td>Troisi\u00e8me grade en <a href=\"https:\/\/valmy1792.org\/?page_id=26\">loge<\/a><\/td><\/tr><tr><td>Michel (Louise)<\/td><td>Militante et <a href=\"https:\/\/valmy1792.org\/?page_id=31\">franc-ma\u00e7onne<\/a><\/td><\/tr><tr><td><a href=\"http:\/\/valmy1792.org\/?page_id=11\/#Mozart\" data-type=\"page\">Mozart <\/a>(Wolfgang-Amadeus)<\/td><td>Compositeur <a href=\"https:\/\/valmy1792.org\/?page_id=31\">franc-ma\u00e7on<\/a><\/td><\/tr><\/tbody><\/table><\/figure>\n\n\n\n<p><a href=\"#hautpage\">Haut de page<\/a><\/p>\n\n\n\n<figure id=\"ancreO\" class=\"wp-block-table is-style-stripes\"><table class=\"has-fixed-layout\"><tbody><tr><td>Ob\u00e9dience<\/td><td>F\u00e9d\u00e9ration de <a href=\"https:\/\/valmy1792.org\/?page_id=26\">loges<\/a><\/td><\/tr><tr><td>Orient<\/td><td>Lieu g\u00e9ographique d\u2019implantation d\u2019une <a href=\"https:\/\/valmy1792.org\/?page_id=26\">loge<\/a><\/td><\/tr><tr><td>Outils<\/td><td>Support symbolique d\u2019une qualit\u00e9 morale<\/td><\/tr><\/tbody><\/table><\/figure>\n\n\n\n<p><a href=\"#hautpage\">Haut de page<\/a><\/p>\n\n\n\n<figure id=\"ancreP\" class=\"wp-block-table is-style-stripes\"><table class=\"has-fixed-layout\"><tbody><tr><td>Planche<\/td><td>Travail r\u00e9alis\u00e9 par un <a href=\"https:\/\/valmy1792.org\/?page_id=31\">franc-ma\u00e7on<\/a> d\u00e9clam\u00e9 lors d\u2019une r\u00e9union.<\/td><\/tr><tr><td><a href=\"http:\/\/valmy1792.org\/?page_id=11\" data-type=\"page\" data-id=\"11\">Pratt<\/a> (Hugo)<\/td><td>Auteur de BD<\/td><\/tr><tr><td>Principales ob\u00e9diences fran\u00e7aises<\/td><td><a href=\"https:\/\/valmy1792.org\/?page_id=28\">DH<\/a>, <a href=\"https:\/\/valmy1792.org\/?page_id=28\">GLDF<\/a>, <a href=\"https:\/\/valmy1792.org\/?page_id=28\">GLFF<\/a>, GLMF, GLMU, GLAMF, GLNF, <a href=\"https:\/\/valmy1792.org\/?page_id=28\">GODF<\/a>.<\/td><\/tr><\/tbody><\/table><\/figure>\n\n\n\n<p><a href=\"#hautpage\">Haut de page<\/a><\/p>\n\n\n\n<figure id=\"ancreR\" class=\"wp-block-table is-style-stripes\"><table class=\"has-fixed-layout\"><tbody><tr><td>Rite<\/td><td>Ensemble de r\u00e8gles r\u00e9gissant le travail en r\u00e9union<\/td><\/tr><tr><td>Rite Ecossais<\/td><td>Rite proche des origines<\/td><\/tr><tr><td>Rite Fran\u00e7ais<\/td><td>Rite adogmatique<\/td><\/tr><tr><td>Rite de Memphis-Misra\u00efm<\/td><td>Rite d\u2019inspiration \u00e9gyptienne<\/td><\/tr><tr><td>Rouget de Lisle (Claude Joseph)<\/td><td>Compositeur de la \u00ab\u00a0Marseillaise\u00a0\u00bb<\/td><\/tr><\/tbody><\/table><\/figure>\n\n\n\n<p><a href=\"#hautpage\">Haut de page<\/a><\/p>\n\n\n\n<figure id=\"ancreS\" class=\"wp-block-table is-style-stripes\"><table class=\"has-fixed-layout\"><tbody><tr><td>Secret<\/td><td>Interdiction r\u00e9glementaire de divulguer travaux et appartenance<\/td><\/tr><tr><td>Schoelcher (Victor)<\/td><td>D\u00e9put\u00e9 d&rsquo;outre-mer<\/td><\/tr><tr><td>Symbole<\/td><td>Outil philosophique<\/td><\/tr><\/tbody><\/table><\/figure>\n\n\n\n<p><a href=\"#hautpage\">Haut de page<\/a><\/p>\n\n\n\n<figure id=\"ancreT\" class=\"wp-block-table is-style-stripes\"><table class=\"has-fixed-layout\"><tbody><tr><td>Temple<\/td><td>Lieu de r\u00e9union<\/td><\/tr><tr><td><a href=\"https:\/\/valmy1792.org\/?page_id=35\">Tenue<\/a><\/td><td>R\u00e9union ritualis\u00e9e<\/td><\/tr><tr><td>Triangle<\/td><td>Symbole<\/td><\/tr><\/tbody><\/table><\/figure>\n\n\n\n<p><a href=\"#hautpage\">Haut de page<\/a><\/p>\n\n\n\n<div class=\"wp-block-columns is-layout-flex wp-container-core-columns-is-layout-9d6595d7 wp-block-columns-is-layout-flex\">\n<div class=\"wp-block-column is-layout-flow wp-block-column-is-layout-flow\" style=\"flex-basis:100%\">\n<figure id=\"ancreV\" class=\"wp-block-table is-style-stripes\"><table class=\"has-fixed-layout\"><tbody><tr><td>Voltaire (Fran\u00e7ois-Marie Arouet dit)<\/td><td>Philosophe, \u00e9crivain <a href=\"https:\/\/valmy1792.org\/?page_id=31\">franc-ma\u00e7on<\/a><\/td><\/tr><\/tbody><\/table><\/figure>\n<\/div>\n<\/div>\n\n\n\n<p><a href=\"#hautpage\">Haut de page<\/a><\/p>\n\n\n\n<div class=\"wp-block-columns is-layout-flex wp-container-core-columns-is-layout-9d6595d7 wp-block-columns-is-layout-flex\">\n<div class=\"wp-block-column is-layout-flow wp-block-column-is-layout-flow\">\n<div class=\"wp-block-columns is-layout-flex wp-container-core-columns-is-layout-9d6595d7 wp-block-columns-is-layout-flex\">\n<div class=\"wp-block-column is-layout-flow wp-block-column-is-layout-flow\" style=\"flex-basis:100%\">\n<figure id=\"ancreV\" class=\"wp-block-table is-style-stripes\"><table class=\"has-fixed-layout\"><tbody><tr><td>Washington (Georges)<\/td><td>Pr\u00e9sident des USA, <a href=\"https:\/\/valmy1792.org\/?page_id=31\">franc-ma\u00e7on<\/a><\/td><\/tr><\/tbody><\/table><\/figure>\n<\/div>\n<\/div>\n<\/div>\n<\/div>\n\n\n\n<p><\/p>\n","protected":false},"excerpt":{"rendered":"<p>A B C D E G I K L M O P R S T V Agapes Repas Aldrin (Buzz) Astronaute am\u00e9ricain Anderson (James) R\u00e9dacteur de la premi\u00e8re constitution Apprenti Premier grade en loge Bartholdi (Auguste) Le sculpteur de la statue de la libert\u00e9 Bechet (Sydney) Musicien Baker (Jos\u00e9phine) Artiste de music-hall Brunswick (Charles Guillaume [&hellip;]<\/p>\n","protected":false},"author":1,"featured_media":168,"parent":0,"menu_order":0,"comment_status":"closed","ping_status":"closed","template":"","meta":{"footnotes":""},"class_list":["post-69","page","type-page","status-publish","has-post-thumbnail","hentry"],"_links":{"self":[{"href":"https:\/\/valmy1792.org\/index.php?rest_route=\/wp\/v2\/pages\/69","targetHints":{"allow":["GET"]}}],"collection":[{"href":"https:\/\/valmy1792.org\/index.php?rest_route=\/wp\/v2\/pages"}],"about":[{"href":"https:\/\/valmy1792.org\/index.php?rest_route=\/wp\/v2\/types\/page"}],"author":[{"embeddable":true,"href":"https:\/\/valmy1792.org\/index.php?rest_route=\/wp\/v2\/users\/1"}],"replies":[{"embeddable":true,"href":"https:\/\/valmy1792.org\/index.php?rest_route=%2Fwp%2Fv2%2Fcomments&post=69"}],"version-history":[{"count":65,"href":"https:\/\/valmy1792.org\/index.php?rest_route=\/wp\/v2\/pages\/69\/revisions"}],"predecessor-version":[{"id":708,"href":"https:\/\/valmy1792.org\/index.php?rest_route=\/wp\/v2\/pages\/69\/revisions\/708"}],"wp:featuredmedia":[{"embeddable":true,"href":"https:\/\/valmy1792.org\/index.php?rest_route=\/wp\/v2\/media\/168"}],"wp:attachment":[{"href":"https:\/\/valmy1792.org\/index.php?rest_route=%2Fwp%2Fv2%2Fmedia&parent=69"}],"curies":[{"name":"wp","href":"https:\/\/api.w.org\/{rel}","templated":true}]}}