{"id":65,"date":"2022-02-10T20:21:27","date_gmt":"2022-02-10T19:21:27","guid":{"rendered":"http:\/\/valmy1792.org\/?page_id=65"},"modified":"2024-04-04T19:08:25","modified_gmt":"2024-04-04T17:08:25","slug":"contacter-uen-loge","status":"publish","type":"page","link":"https:\/\/valmy1792.org\/?page_id=65","title":{"rendered":"Contacter une loge"},"content":{"rendered":"\n<p>Si vous connaissez un(e) <a href=\"https:\/\/valmy1792.org\/?page_id=31\">Franc-ma\u00e7on<\/a>(e) vous pouvez lui donner vos coordonn\u00e9es qu&rsquo;il transmettra \u00e0 un(e) pr\u00e9sident(e) d\u2019une <a href=\"https:\/\/valmy1792.org\/?page_id=26\">loge<\/a> qui conviendrait \u00e0 vos crit\u00e8res de choix.<\/p>\n\n\n\n<p class=\"has-dark-gray-color has-text-color\">Pour contacter la <a href=\"https:\/\/valmy1792.org\/?page_id=26\">loge<\/a> <strong>Valmy1792<\/strong> vous pouvez envoyer un courriel \u00e0 <mark style=\"background-color:rgba(0, 0, 0, 0)\" class=\"has-inline-color has-accent-color\"><a href=\"mailto:delataille.pierre@gmail.com\">delataille.pierre@gmail.com<\/a><\/mark><\/p>\n\n\n\n<p>Vous serez ensuite contact\u00e9 par le secr\u00e9tariat de la <a href=\"https:\/\/valmy1792.org\/?page_id=26\">loge<\/a> qui vous pr\u00e9cisera la conduite \u00e0 tenir.<\/p>\n\n\n\n<p><a><\/a>En premier lieu, vous lui enverrez une lettre de candidature en pr\u00e9cisant vos motivations.<\/p>\n\n\n\n<p><a><\/a>Par la suite, plusieurs documents vous seront&nbsp; demand\u00e9s&nbsp; pour constituer votre dossier.<\/p>\n\n\n\n<p><a><\/a>Et vous attendrez <em>patiemment<\/em> une convocation \u00e0 un entretien collectif, qui sera le d\u00e9but de votre&nbsp; parcours ma\u00e7onnique.<\/p>\n","protected":false},"excerpt":{"rendered":"<p>Si vous connaissez un(e) Franc-ma\u00e7on(e) vous pouvez lui donner vos coordonn\u00e9es qu&rsquo;il transmettra \u00e0 un(e) pr\u00e9sident(e) d\u2019une loge qui conviendrait \u00e0 vos crit\u00e8res de choix. Pour contacter la loge Valmy1792 vous pouvez envoyer un courriel \u00e0 delataille.pierre@gmail.com Vous serez ensuite contact\u00e9 par le secr\u00e9tariat de la loge qui vous pr\u00e9cisera la conduite \u00e0 tenir. En [&hellip;]<\/p>\n","protected":false},"author":1,"featured_media":164,"parent":0,"menu_order":0,"comment_status":"closed","ping_status":"closed","template":"","meta":{"footnotes":""},"class_list":["post-65","page","type-page","status-publish","has-post-thumbnail","hentry"],"_links":{"self":[{"href":"https:\/\/valmy1792.org\/index.php?rest_route=\/wp\/v2\/pages\/65","targetHints":{"allow":["GET"]}}],"collection":[{"href":"https:\/\/valmy1792.org\/index.php?rest_route=\/wp\/v2\/pages"}],"about":[{"href":"https:\/\/valmy1792.org\/index.php?rest_route=\/wp\/v2\/types\/page"}],"author":[{"embeddable":true,"href":"https:\/\/valmy1792.org\/index.php?rest_route=\/wp\/v2\/users\/1"}],"replies":[{"embeddable":true,"href":"https:\/\/valmy1792.org\/index.php?rest_route=%2Fwp%2Fv2%2Fcomments&post=65"}],"version-history":[{"count":15,"href":"https:\/\/valmy1792.org\/index.php?rest_route=\/wp\/v2\/pages\/65\/revisions"}],"predecessor-version":[{"id":757,"href":"https:\/\/valmy1792.org\/index.php?rest_route=\/wp\/v2\/pages\/65\/revisions\/757"}],"wp:featuredmedia":[{"embeddable":true,"href":"https:\/\/valmy1792.org\/index.php?rest_route=\/wp\/v2\/media\/164"}],"wp:attachment":[{"href":"https:\/\/valmy1792.org\/index.php?rest_route=%2Fwp%2Fv2%2Fmedia&parent=65"}],"curies":[{"name":"wp","href":"https:\/\/api.w.org\/{rel}","templated":true}]}}