{"id":591,"date":"2022-10-20T10:54:15","date_gmt":"2022-10-20T08:54:15","guid":{"rendered":"http:\/\/valmy1792.org\/?page_id=591"},"modified":"2025-04-27T19:06:39","modified_gmt":"2025-04-27T17:06:39","slug":"valeurs-2","status":"publish","type":"page","link":"https:\/\/valmy1792.org\/?page_id=591","title":{"rendered":"Corpus"},"content":{"rendered":"\n<p>La <a href=\"https:\/\/valmy1792.org\/?page_id=18\">Franc-ma\u00e7onnerie<\/a> adh\u00e8re sans r\u00e9serve \u00e0 <strong>l\u2019id\u00e9al r\u00e9publicain<\/strong> d\u00e9mocratique, \u00e9galitaire et fraternel.<\/p>\n\n\n\n<p>Sa devise est d\u2019ailleurs celle de la <a href=\"https:\/\/valmy1792.org\/?page_id=16\">r\u00e9publique<\/a> fran\u00e7aise&nbsp;: <strong><a href=\"https:\/\/valmy1792.org\/?page_id=16\">Libert\u00e9<\/a>, <a href=\"https:\/\/valmy1792.org\/?page_id=16\">Egalit\u00e9<\/a>, <a href=\"https:\/\/valmy1792.org\/?page_id=16\">Fraternit\u00e9<\/a><\/strong>.<\/p>\n\n\n\n<p>La <a href=\"https:\/\/valmy1792.org\/?page_id=18\">Franc-ma\u00e7onnerie<\/a> a pour objet primordial de pratiquer la <strong><a href=\"https:\/\/valmy1792.org\/?page_id=16\">Fraternit\u00e9<\/a><\/strong> lors de ses <a href=\"https:\/\/valmy1792.org\/?page_id=29\">r\u00e9unions<\/a> et en y acceptant sans contrainte tout(e) <a href=\"https:\/\/valmy1792.org\/?page_id=31\">Franc-ma\u00e7on<\/a>(e) r\u00e9gulier(e).<\/p>\n\n\n\n<p>Elle postule d\u2019\u00e9tendre cette pratique de la <a href=\"https:\/\/valmy1792.org\/?page_id=16\">Fraternit\u00e9<\/a> \u00e0 toute personne de bonne volont\u00e9 qui voudrait la rejoindre.<\/p>\n\n\n\n<p>Elle demande explicitement \u00e0 tous ses membres de promouvoir et d\u00e9fendre la <strong><a href=\"https:\/\/valmy1792.org\/?page_id=16\">la\u00efcit\u00e9<\/a><\/strong> y compris dans l\u2019espace public.<\/p>\n\n\n\n<p>Elle s\u2019oppose \u00e0 toute discrimination de religion, d\u2019origine ou de sexe. C\u2019est en ce sens qu\u2019elle est r\u00e9put\u00e9e <strong>adogmatique<\/strong><\/p>\n\n\n\n<p>.<\/p>\n","protected":false},"excerpt":{"rendered":"<p>La Franc-ma\u00e7onnerie adh\u00e8re sans r\u00e9serve \u00e0 l\u2019id\u00e9al r\u00e9publicain d\u00e9mocratique, \u00e9galitaire et fraternel. Sa devise est d\u2019ailleurs celle de la r\u00e9publique fran\u00e7aise&nbsp;: Libert\u00e9, Egalit\u00e9, Fraternit\u00e9. La Franc-ma\u00e7onnerie a pour objet primordial de pratiquer la Fraternit\u00e9 lors de ses r\u00e9unions et en y acceptant sans contrainte tout(e) Franc-ma\u00e7on(e) r\u00e9gulier(e). Elle postule d\u2019\u00e9tendre cette pratique de la Fraternit\u00e9 [&hellip;]<\/p>\n","protected":false},"author":1,"featured_media":163,"parent":0,"menu_order":0,"comment_status":"closed","ping_status":"closed","template":"","meta":{"footnotes":""},"class_list":["post-591","page","type-page","status-publish","has-post-thumbnail","hentry"],"_links":{"self":[{"href":"https:\/\/valmy1792.org\/index.php?rest_route=\/wp\/v2\/pages\/591","targetHints":{"allow":["GET"]}}],"collection":[{"href":"https:\/\/valmy1792.org\/index.php?rest_route=\/wp\/v2\/pages"}],"about":[{"href":"https:\/\/valmy1792.org\/index.php?rest_route=\/wp\/v2\/types\/page"}],"author":[{"embeddable":true,"href":"https:\/\/valmy1792.org\/index.php?rest_route=\/wp\/v2\/users\/1"}],"replies":[{"embeddable":true,"href":"https:\/\/valmy1792.org\/index.php?rest_route=%2Fwp%2Fv2%2Fcomments&post=591"}],"version-history":[{"count":8,"href":"https:\/\/valmy1792.org\/index.php?rest_route=\/wp\/v2\/pages\/591\/revisions"}],"predecessor-version":[{"id":837,"href":"https:\/\/valmy1792.org\/index.php?rest_route=\/wp\/v2\/pages\/591\/revisions\/837"}],"wp:featuredmedia":[{"embeddable":true,"href":"https:\/\/valmy1792.org\/index.php?rest_route=\/wp\/v2\/media\/163"}],"wp:attachment":[{"href":"https:\/\/valmy1792.org\/index.php?rest_route=%2Fwp%2Fv2%2Fmedia&parent=591"}],"curies":[{"name":"wp","href":"https:\/\/api.w.org\/{rel}","templated":true}]}}