{"id":37,"date":"2022-02-10T20:19:45","date_gmt":"2022-02-10T19:19:45","guid":{"rendered":"http:\/\/valmy1792.org\/?page_id=37"},"modified":"2022-02-11T21:11:06","modified_gmt":"2022-02-11T20:11:06","slug":"exemples-de-travaux","status":"publish","type":"page","link":"https:\/\/valmy1792.org\/?page_id=37","title":{"rendered":"Exemples de travaux"},"content":{"rendered":"\n<figure class=\"wp-block-table\"><table><tbody><tr><td><\/td><\/tr><tr><td>Aux sources de la <a href=\"https:\/\/valmy1792.org\/?page_id=16\">r\u00e9publique<\/a> inachev\u00e9e<\/td><\/tr><tr><td>Charit\u00e9 versus solidarit\u00e9<\/td><\/tr><tr><td>Comment l\u2019Etat s\u2019est tir\u00e9 une balle dans le pied avec les fichiers \u00ab&nbsp;S&nbsp;\u00bb<\/td><\/tr><tr><td>Est-on responsable de son pass\u00e9 ?<\/td><\/tr><tr><td>Et si l&rsquo;on parlait <a href=\"https:\/\/valmy1792.org\/?page_id=16\">La\u00efcit\u00e9<\/a><\/td><\/tr><tr><td>Fin de vie<\/td><\/tr><tr><td>Gastronomie<\/td><\/tr><tr><td>Gen\u00e8se de la Marseillaise<\/td><\/tr><tr><td>Gestation pour autrui<\/td><\/tr><tr><td>Interruption volontaire de grossesse<\/td><\/tr><tr><td>Je d\u00e9couvre Parkinson<\/td><\/tr><tr><td>L&rsquo;universalit\u00e9 ma\u00e7onnique mythe ou r\u00e9alit\u00e9 ?<\/td><\/tr><tr><td>L\u2019intelligence artificielle<\/td><\/tr><tr><td>La d\u00e9sob\u00e9issance civique est-elle compatible avec le devoir ma\u00e7onnique ?<\/td><\/tr><tr><td>La <a href=\"https:\/\/valmy1792.org\/?page_id=16\">tol\u00e9rance<\/a><\/td><\/tr><tr><td>Le Bapt\u00eame de Clovis..le d\u00e9but de la fin<\/td><\/tr><tr><td>Le chanoine de Latran<\/td><\/tr><tr><td>Le Chevalier de la Barre<\/td><\/tr><tr><td>Le d\u00e9veloppement durable remettrait-il en cause le d\u00e9velopement de l&rsquo;humanit\u00e9<\/td><\/tr><tr><td>Le doute et l&rsquo;humilit\u00e9<\/td><\/tr><tr><td>Le mur peut-il \u00eatre symbolique<\/td><\/tr><tr><td>Le Myosotis et son <a href=\"https:\/\/valmy1792.org\/?page_id=69\">Symbole<\/a><\/td><\/tr><tr><td>Le symbolisme de la victoire de Valmy<\/td><\/tr><tr><td>Le temps des fins<\/td><\/tr><tr><td>Les nombres et l&rsquo;architecture<\/td><\/tr><tr><td>Les partis politiques peuvent-ils faire vivre la d\u00e9mocratie<\/td><\/tr><tr><td>Limites de la d\u00e9mocratie&nbsp;?<\/td><\/tr><tr><td>Pourquoi la France devrait-elle accueillir les migrants\u2026<\/td><\/tr><tr><td>Procr\u00e9ation m\u00e9dicalement assist\u00e9e,<\/td><\/tr><tr><td>Reconstruire Notre Dame ?<\/td><\/tr><tr><td>R\u00e9flexion sur le symbolisme<\/td><\/tr><tr><td>Si la <a href=\"https:\/\/valmy1792.org\/?page_id=16\">libert\u00e9<\/a> de conscience est absolue, qu&rsquo;en est-il de la <a href=\"https:\/\/valmy1792.org\/?page_id=16\">libert\u00e9<\/a> d&rsquo;expression ?<\/td><\/tr><tr><td>Youtube : le nouvel Eldorado du complotisme<\/td><\/tr><\/tbody><\/table><\/figure>\n","protected":false},"excerpt":{"rendered":"<p>Aux sources de la r\u00e9publique inachev\u00e9e Charit\u00e9 versus solidarit\u00e9 Comment l\u2019Etat s\u2019est tir\u00e9 une balle dans le pied avec les fichiers \u00ab&nbsp;S&nbsp;\u00bb Est-on responsable de son pass\u00e9 ? Et si l&rsquo;on parlait La\u00efcit\u00e9 Fin de vie Gastronomie Gen\u00e8se de la Marseillaise Gestation pour autrui Interruption volontaire de grossesse Je d\u00e9couvre Parkinson L&rsquo;universalit\u00e9 ma\u00e7onnique mythe ou [&hellip;]<\/p>\n","protected":false},"author":1,"featured_media":163,"parent":0,"menu_order":0,"comment_status":"closed","ping_status":"closed","template":"","meta":{"footnotes":""},"class_list":["post-37","page","type-page","status-publish","has-post-thumbnail","hentry"],"_links":{"self":[{"href":"https:\/\/valmy1792.org\/index.php?rest_route=\/wp\/v2\/pages\/37","targetHints":{"allow":["GET"]}}],"collection":[{"href":"https:\/\/valmy1792.org\/index.php?rest_route=\/wp\/v2\/pages"}],"about":[{"href":"https:\/\/valmy1792.org\/index.php?rest_route=\/wp\/v2\/types\/page"}],"author":[{"embeddable":true,"href":"https:\/\/valmy1792.org\/index.php?rest_route=\/wp\/v2\/users\/1"}],"replies":[{"embeddable":true,"href":"https:\/\/valmy1792.org\/index.php?rest_route=%2Fwp%2Fv2%2Fcomments&post=37"}],"version-history":[{"count":4,"href":"https:\/\/valmy1792.org\/index.php?rest_route=\/wp\/v2\/pages\/37\/revisions"}],"predecessor-version":[{"id":201,"href":"https:\/\/valmy1792.org\/index.php?rest_route=\/wp\/v2\/pages\/37\/revisions\/201"}],"wp:featuredmedia":[{"embeddable":true,"href":"https:\/\/valmy1792.org\/index.php?rest_route=\/wp\/v2\/media\/163"}],"wp:attachment":[{"href":"https:\/\/valmy1792.org\/index.php?rest_route=%2Fwp%2Fv2%2Fmedia&parent=37"}],"curies":[{"name":"wp","href":"https:\/\/api.w.org\/{rel}","templated":true}]}}