{"id":36,"date":"2022-02-10T20:19:45","date_gmt":"2022-02-10T19:19:45","guid":{"rendered":"http:\/\/valmy1792.org\/?page_id=36"},"modified":"2023-12-08T21:51:50","modified_gmt":"2023-12-08T20:51:50","slug":"admission","status":"publish","type":"page","link":"https:\/\/valmy1792.org\/?page_id=36","title":{"rendered":"Admission"},"content":{"rendered":"\n<p>L&rsquo;<a href=\"https:\/\/valmy1792.org\/?page_id=68\">admission<\/a> en <a href=\"https:\/\/valmy1792.org\/?page_id=18\">Franc-ma\u00e7onnerie<\/a> se nomme <strong>initiation<\/strong>.<\/p>\n\n\n\n<p>C&rsquo;est \u00e9galement la confirmation de l\u2019appartenance \u00e0 une <a href=\"https:\/\/valmy1792.org\/?page_id=26\">loge<\/a>.<\/p>\n\n\n\n<p>Elle comprend des obligations r\u00e9ciproques du nouveau franc ma\u00e7on envers la <a href=\"https:\/\/valmy1792.org\/?page_id=26\">loge<\/a> et de celle-ci vers lui-m\u00eame.<\/p>\n\n\n\n<p>C&rsquo;est aussi un <a href=\"https:\/\/valmy1792.org\/?page_id=69\">rite<\/a> de passage tel que le pratiquait les soci\u00e9t\u00e9s dites archa\u00efques.<\/p>\n","protected":false},"excerpt":{"rendered":"<p>L&rsquo;admission en Franc-ma\u00e7onnerie se nomme initiation. C&rsquo;est \u00e9galement la confirmation de l\u2019appartenance \u00e0 une loge. Elle comprend des obligations r\u00e9ciproques du nouveau franc ma\u00e7on envers la loge et de celle-ci vers lui-m\u00eame. C&rsquo;est aussi un rite de passage tel que le pratiquait les soci\u00e9t\u00e9s dites archa\u00efques.<\/p>\n","protected":false},"author":1,"featured_media":161,"parent":0,"menu_order":0,"comment_status":"closed","ping_status":"closed","template":"","meta":{"footnotes":""},"class_list":["post-36","page","type-page","status-publish","has-post-thumbnail","hentry"],"_links":{"self":[{"href":"https:\/\/valmy1792.org\/index.php?rest_route=\/wp\/v2\/pages\/36","targetHints":{"allow":["GET"]}}],"collection":[{"href":"https:\/\/valmy1792.org\/index.php?rest_route=\/wp\/v2\/pages"}],"about":[{"href":"https:\/\/valmy1792.org\/index.php?rest_route=\/wp\/v2\/types\/page"}],"author":[{"embeddable":true,"href":"https:\/\/valmy1792.org\/index.php?rest_route=\/wp\/v2\/users\/1"}],"replies":[{"embeddable":true,"href":"https:\/\/valmy1792.org\/index.php?rest_route=%2Fwp%2Fv2%2Fcomments&post=36"}],"version-history":[{"count":4,"href":"https:\/\/valmy1792.org\/index.php?rest_route=\/wp\/v2\/pages\/36\/revisions"}],"predecessor-version":[{"id":720,"href":"https:\/\/valmy1792.org\/index.php?rest_route=\/wp\/v2\/pages\/36\/revisions\/720"}],"wp:featuredmedia":[{"embeddable":true,"href":"https:\/\/valmy1792.org\/index.php?rest_route=\/wp\/v2\/media\/161"}],"wp:attachment":[{"href":"https:\/\/valmy1792.org\/index.php?rest_route=%2Fwp%2Fv2%2Fmedia&parent=36"}],"curies":[{"name":"wp","href":"https:\/\/api.w.org\/{rel}","templated":true}]}}