{"id":35,"date":"2022-02-10T20:19:45","date_gmt":"2022-02-10T19:19:45","guid":{"rendered":"http:\/\/valmy1792.org\/?page_id=35"},"modified":"2023-12-08T21:51:02","modified_gmt":"2023-12-08T20:51:02","slug":"composition","status":"publish","type":"page","link":"https:\/\/valmy1792.org\/?page_id=35","title":{"rendered":"Composition"},"content":{"rendered":"\n<p>L\u00e9galement une <a href=\"https:\/\/valmy1792.org\/?page_id=26\">loge<\/a> est une association loi de 1901.<\/p>\n\n\n\n<p>Elle est d\u00e9clar\u00e9e \u00e0 la pr\u00e9fecture sous un vocable neutre.<\/p>\n\n\n\n<p>Elle poss\u00e8de donc un(e) pr\u00e9sident&rsquo;e), un&rsquo;e) secr\u00e9taire et un(e) tr\u00e9sorier(e) d\u00e9clar\u00e9(e)s.<\/p>\n\n\n\n<p>La <a href=\"https:\/\/valmy1792.org\/?page_id=26\">loge<\/a> est compos\u00e9e de Franc-ma\u00e7ons \u00e0 plusieurs <a href=\"https:\/\/valmy1792.org\/?page_id=69\">grades<\/a>.<\/p>\n\n\n\n<p>Ce peuvent \u00eatre des hommes ou depuis l\u2019ann\u00e9e  2010 des femmes <\/p>\n\n\n\n<p>Chaque ann\u00e9e est proc\u00e9d\u00e9 \u00e0 l&rsquo;\u00e9lection d&rsquo;un(e) pr\u00e9sident(e) qui g\u00e9rera les travaux.<\/p>\n\n\n\n<p>Les <a href=\"https:\/\/valmy1792.org\/?page_id=29\">r\u00e9unions<\/a> (tenues) ont lieu deux fois par mois en soir\u00e9e.<\/p>\n","protected":false},"excerpt":{"rendered":"<p>L\u00e9galement une loge est une association loi de 1901. Elle est d\u00e9clar\u00e9e \u00e0 la pr\u00e9fecture sous un vocable neutre. Elle poss\u00e8de donc un(e) pr\u00e9sident&rsquo;e), un&rsquo;e) secr\u00e9taire et un(e) tr\u00e9sorier(e) d\u00e9clar\u00e9(e)s. La loge est compos\u00e9e de Franc-ma\u00e7ons \u00e0 plusieurs grades. Ce peuvent \u00eatre des hommes ou depuis l\u2019ann\u00e9e 2010 des femmes Chaque ann\u00e9e est proc\u00e9d\u00e9 \u00e0 [&hellip;]<\/p>\n","protected":false},"author":1,"featured_media":159,"parent":0,"menu_order":0,"comment_status":"closed","ping_status":"closed","template":"","meta":{"footnotes":""},"class_list":["post-35","page","type-page","status-publish","has-post-thumbnail","hentry"],"_links":{"self":[{"href":"https:\/\/valmy1792.org\/index.php?rest_route=\/wp\/v2\/pages\/35","targetHints":{"allow":["GET"]}}],"collection":[{"href":"https:\/\/valmy1792.org\/index.php?rest_route=\/wp\/v2\/pages"}],"about":[{"href":"https:\/\/valmy1792.org\/index.php?rest_route=\/wp\/v2\/types\/page"}],"author":[{"embeddable":true,"href":"https:\/\/valmy1792.org\/index.php?rest_route=\/wp\/v2\/users\/1"}],"replies":[{"embeddable":true,"href":"https:\/\/valmy1792.org\/index.php?rest_route=%2Fwp%2Fv2%2Fcomments&post=35"}],"version-history":[{"count":6,"href":"https:\/\/valmy1792.org\/index.php?rest_route=\/wp\/v2\/pages\/35\/revisions"}],"predecessor-version":[{"id":719,"href":"https:\/\/valmy1792.org\/index.php?rest_route=\/wp\/v2\/pages\/35\/revisions\/719"}],"wp:featuredmedia":[{"embeddable":true,"href":"https:\/\/valmy1792.org\/index.php?rest_route=\/wp\/v2\/media\/159"}],"wp:attachment":[{"href":"https:\/\/valmy1792.org\/index.php?rest_route=%2Fwp%2Fv2%2Fmedia&parent=35"}],"curies":[{"name":"wp","href":"https:\/\/api.w.org\/{rel}","templated":true}]}}