{"id":34,"date":"2022-02-10T20:19:45","date_gmt":"2022-02-10T19:19:45","guid":{"rendered":"http:\/\/valmy1792.org\/?page_id=34"},"modified":"2022-02-12T21:45:11","modified_gmt":"2022-02-12T20:45:11","slug":"histoire","status":"publish","type":"page","link":"https:\/\/valmy1792.org\/?page_id=34","title":{"rendered":"Histoire"},"content":{"rendered":"\n<p>La <a href=\"https:\/\/valmy1792.org\/?page_id=26\">loge<\/a> Valmy 1792 est une fille d\u2019une <a href=\"https:\/\/valmy1792.org\/?page_id=26\">loge<\/a> elle-m\u00eame fille d\u2019une autre <a href=\"https:\/\/valmy1792.org\/?page_id=26\">loge<\/a>.<\/p>\n\n\n\n<p>Ainsi s\u2019\u00e9crit l\u2019histoire&nbsp;!<\/p>\n\n\n\n<p>C\u2019est un essaimage.<\/p>\n\n\n\n<p>Le choix du titre distinctif doit mettre en avant la volont\u00e9 des membres fondateurs.<\/p>\n\n\n\n<p>Le nom de la fameuse bataille de Valmy joint au mill\u00e9sime montre \u00e0 l\u2019\u00e9vidence l\u2019attachement sinc\u00e8re et profond de ses membres aux principes fondateurs de notre <a href=\"https:\/\/valmy1792.org\/?page_id=16\">r\u00e9publique<\/a> issus de la philosophie des lumi\u00e8res.<\/p>\n\n\n\n<p>Valmy 1792 a tenu sa premi\u00e8re r\u00e9union officielle le 25 mai 2015.<\/p>\n","protected":false},"excerpt":{"rendered":"<p>La loge Valmy 1792 est une fille d\u2019une loge elle-m\u00eame fille d\u2019une autre loge. Ainsi s\u2019\u00e9crit l\u2019histoire&nbsp;! C\u2019est un essaimage. Le choix du titre distinctif doit mettre en avant la volont\u00e9 des membres fondateurs. Le nom de la fameuse bataille de Valmy joint au mill\u00e9sime montre \u00e0 l\u2019\u00e9vidence l\u2019attachement sinc\u00e8re et profond de ses membres [&hellip;]<\/p>\n","protected":false},"author":1,"featured_media":154,"parent":0,"menu_order":0,"comment_status":"closed","ping_status":"closed","template":"","meta":{"footnotes":""},"class_list":["post-34","page","type-page","status-publish","has-post-thumbnail","hentry"],"_links":{"self":[{"href":"https:\/\/valmy1792.org\/index.php?rest_route=\/wp\/v2\/pages\/34","targetHints":{"allow":["GET"]}}],"collection":[{"href":"https:\/\/valmy1792.org\/index.php?rest_route=\/wp\/v2\/pages"}],"about":[{"href":"https:\/\/valmy1792.org\/index.php?rest_route=\/wp\/v2\/types\/page"}],"author":[{"embeddable":true,"href":"https:\/\/valmy1792.org\/index.php?rest_route=\/wp\/v2\/users\/1"}],"replies":[{"embeddable":true,"href":"https:\/\/valmy1792.org\/index.php?rest_route=%2Fwp%2Fv2%2Fcomments&post=34"}],"version-history":[{"count":3,"href":"https:\/\/valmy1792.org\/index.php?rest_route=\/wp\/v2\/pages\/34\/revisions"}],"predecessor-version":[{"id":104,"href":"https:\/\/valmy1792.org\/index.php?rest_route=\/wp\/v2\/pages\/34\/revisions\/104"}],"wp:featuredmedia":[{"embeddable":true,"href":"https:\/\/valmy1792.org\/index.php?rest_route=\/wp\/v2\/media\/154"}],"wp:attachment":[{"href":"https:\/\/valmy1792.org\/index.php?rest_route=%2Fwp%2Fv2%2Fmedia&parent=34"}],"curies":[{"name":"wp","href":"https:\/\/api.w.org\/{rel}","templated":true}]}}