{"id":31,"date":"2022-02-10T20:19:45","date_gmt":"2022-02-10T19:19:45","guid":{"rendered":"http:\/\/valmy1792.org\/?page_id=31"},"modified":"2022-03-07T21:14:26","modified_gmt":"2022-03-07T20:14:26","slug":"choisir-une-loge","status":"publish","type":"page","link":"https:\/\/valmy1792.org\/?page_id=31","title":{"rendered":"Choisir une loge"},"content":{"rendered":"\n<p>Le choix peut para\u00eetre simple puisque le r\u00e8glement pr\u00e9voit que l\u2019on choisisse une <a href=\"https:\/\/valmy1792.org\/?page_id=26\">loge<\/a> proche de son domicile.<\/p>\n\n\n\n<p>D\u2019ailleurs si vous adressez votre demande au si\u00e8ge du <a href=\"https:\/\/valmy1792.org\/?page_id=28\">GODF<\/a>, cette r\u00e8gle sera appliqu\u00e9e. Cependant chaque <a href=\"https:\/\/valmy1792.org\/?page_id=26\">loge<\/a> a une identit\u00e9 et une philosophie propre.<\/p>\n\n\n\n<p>Une exception est possible pour les personnes qui travaillent loin de chez eux avec des horaires tardifs.<\/p>\n\n\n\n<p>Si vous connaissez un ou plusieurs Francs-ma\u00e7ons, l\u2019un d\u2019eux pourra \u00eatre votre <a href=\"https:\/\/valmy1792.org\/?page_id=28\">parrain<\/a>.<\/p>\n\n\n\n<p>C\u2019est alors au <a href=\"https:\/\/valmy1792.org\/?page_id=28\">parrain<\/a> ou \u00e0 la marraine qu\u2019il appartient de trouver la <a href=\"https:\/\/valmy1792.org\/?page_id=26\">loge<\/a> qui vous conviendrait le mieux.<\/p>\n\n\n\n<p><em>Ce n\u2019est pas obligatoirement celle qu\u2019il fr\u00e9quente.<\/em><\/p>\n\n\n\n<p>Vous adresserez une lettre au pr\u00e9sident de la <a href=\"https:\/\/valmy1792.org\/?page_id=26\">loge<\/a> choisie et il vous contactera pour un premier \u00e9change.<\/p>\n\n\n\n<p>Par courriel \u00e9ventuellement : <mark style=\"background-color:rgba(0, 0, 0, 0)\" class=\"has-inline-color has-accent-color\"><a href=\"mailto:delataille.pierre@gmail.com\">delataille.pierre@gmail.com<\/a><\/mark><\/p>\n\n\n\n<p>Le pr\u00e9sident mettra alors en route la stricte <a href=\"https:\/\/valmy1792.org\/?page_id=68\">proc\u00e9dure<\/a> d\u2019examen de votre candidature.<\/p>\n","protected":false},"excerpt":{"rendered":"<p>Le choix peut para\u00eetre simple puisque le r\u00e8glement pr\u00e9voit que l\u2019on choisisse une loge proche de son domicile. D\u2019ailleurs si vous adressez votre demande au si\u00e8ge du GODF, cette r\u00e8gle sera appliqu\u00e9e. Cependant chaque loge a une identit\u00e9 et une philosophie propre. Une exception est possible pour les personnes qui travaillent loin de chez eux [&hellip;]<\/p>\n","protected":false},"author":1,"featured_media":158,"parent":0,"menu_order":0,"comment_status":"closed","ping_status":"closed","template":"","meta":{"footnotes":""},"class_list":["post-31","page","type-page","status-publish","has-post-thumbnail","hentry"],"_links":{"self":[{"href":"https:\/\/valmy1792.org\/index.php?rest_route=\/wp\/v2\/pages\/31","targetHints":{"allow":["GET"]}}],"collection":[{"href":"https:\/\/valmy1792.org\/index.php?rest_route=\/wp\/v2\/pages"}],"about":[{"href":"https:\/\/valmy1792.org\/index.php?rest_route=\/wp\/v2\/types\/page"}],"author":[{"embeddable":true,"href":"https:\/\/valmy1792.org\/index.php?rest_route=\/wp\/v2\/users\/1"}],"replies":[{"embeddable":true,"href":"https:\/\/valmy1792.org\/index.php?rest_route=%2Fwp%2Fv2%2Fcomments&post=31"}],"version-history":[{"count":8,"href":"https:\/\/valmy1792.org\/index.php?rest_route=\/wp\/v2\/pages\/31\/revisions"}],"predecessor-version":[{"id":485,"href":"https:\/\/valmy1792.org\/index.php?rest_route=\/wp\/v2\/pages\/31\/revisions\/485"}],"wp:featuredmedia":[{"embeddable":true,"href":"https:\/\/valmy1792.org\/index.php?rest_route=\/wp\/v2\/media\/158"}],"wp:attachment":[{"href":"https:\/\/valmy1792.org\/index.php?rest_route=%2Fwp%2Fv2%2Fmedia&parent=31"}],"curies":[{"name":"wp","href":"https:\/\/api.w.org\/{rel}","templated":true}]}}