{"id":29,"date":"2022-02-10T20:19:45","date_gmt":"2022-02-10T19:19:45","guid":{"rendered":"http:\/\/valmy1792.org\/?page_id=29"},"modified":"2023-12-08T21:52:35","modified_gmt":"2023-12-08T20:52:35","slug":"en-pratique","status":"publish","type":"page","link":"https:\/\/valmy1792.org\/?page_id=29","title":{"rendered":"En pratique"},"content":{"rendered":"\n<p>Les <a href=\"https:\/\/valmy1792.org\/?page_id=24\">r\u00e9unions<\/a> ont lieu en soir\u00e9e <strong>deux fois par mois.<\/strong><\/p>\n\n\n\n<p>Elles sont r\u00e9serv\u00e9es aux membres de la <a href=\"https:\/\/valmy1792.org\/?page_id=26\">loge<\/a>.<\/p>\n\n\n\n<p>N\u00e9anmoins les visiteurs sont re\u00e7us s&rsquo;ils sont \u00e9galement Franc-ma\u00e7ons.<\/p>\n\n\n\n<p>Un <strong>travail philosophique ou soci\u00e9tal <\/strong>est produit par l&rsquo;un des membres.<\/p>\n\n\n\n<p>Il est ensuite enrichi, mais pas discut\u00e9 par celles et ceux qui le souhaitent.<\/p>\n\n\n\n<p>Des <a href=\"https:\/\/valmy1792.org\/?page_id=24\">r\u00e9unions<\/a> administratives ont \u00e9galement lieu r\u00e9guli\u00e8rement.<\/p>\n\n\n\n<p>Des <a href=\"https:\/\/valmy1792.org\/?page_id=24\">r\u00e9unions<\/a> familiales sont p\u00e9riodiquement pratiqu\u00e9es.<\/p>\n","protected":false},"excerpt":{"rendered":"<p>Les r\u00e9unions ont lieu en soir\u00e9e deux fois par mois. Elles sont r\u00e9serv\u00e9es aux membres de la loge. N\u00e9anmoins les visiteurs sont re\u00e7us s&rsquo;ils sont \u00e9galement Franc-ma\u00e7ons. Un travail philosophique ou soci\u00e9tal est produit par l&rsquo;un des membres. Il est ensuite enrichi, mais pas discut\u00e9 par celles et ceux qui le souhaitent. Des r\u00e9unions administratives [&hellip;]<\/p>\n","protected":false},"author":1,"featured_media":99,"parent":0,"menu_order":0,"comment_status":"closed","ping_status":"closed","template":"","meta":{"footnotes":""},"class_list":["post-29","page","type-page","status-publish","has-post-thumbnail","hentry"],"_links":{"self":[{"href":"https:\/\/valmy1792.org\/index.php?rest_route=\/wp\/v2\/pages\/29","targetHints":{"allow":["GET"]}}],"collection":[{"href":"https:\/\/valmy1792.org\/index.php?rest_route=\/wp\/v2\/pages"}],"about":[{"href":"https:\/\/valmy1792.org\/index.php?rest_route=\/wp\/v2\/types\/page"}],"author":[{"embeddable":true,"href":"https:\/\/valmy1792.org\/index.php?rest_route=\/wp\/v2\/users\/1"}],"replies":[{"embeddable":true,"href":"https:\/\/valmy1792.org\/index.php?rest_route=%2Fwp%2Fv2%2Fcomments&post=29"}],"version-history":[{"count":9,"href":"https:\/\/valmy1792.org\/index.php?rest_route=\/wp\/v2\/pages\/29\/revisions"}],"predecessor-version":[{"id":721,"href":"https:\/\/valmy1792.org\/index.php?rest_route=\/wp\/v2\/pages\/29\/revisions\/721"}],"wp:featuredmedia":[{"embeddable":true,"href":"https:\/\/valmy1792.org\/index.php?rest_route=\/wp\/v2\/media\/99"}],"wp:attachment":[{"href":"https:\/\/valmy1792.org\/index.php?rest_route=%2Fwp%2Fv2%2Fmedia&parent=29"}],"curies":[{"name":"wp","href":"https:\/\/api.w.org\/{rel}","templated":true}]}}