{"id":26,"date":"2022-02-10T20:19:45","date_gmt":"2022-02-10T19:19:45","guid":{"rendered":"http:\/\/valmy1792.org\/?page_id=26"},"modified":"2025-11-07T19:12:31","modified_gmt":"2025-11-07T18:12:31","slug":"lorigine","status":"publish","type":"page","link":"https:\/\/valmy1792.org\/?page_id=26","title":{"rendered":"L&rsquo;origine"},"content":{"rendered":"\n<p>Les d\u00e9buts de la <a href=\"https:\/\/valmy1792.org\/?page_id=18\">franc-ma\u00e7onnerie<\/a> sont assez n\u00e9buleux.<\/p>\n\n\n\n<p>Il faut les situer entre 1712 et 1718 en Angleterre.<\/p>\n\n\n\n<p>La premi\u00e8re <a href=\"https:\/\/valmy1792.org\/?page_id=69\">constitution<\/a> dite d\u2019<a href=\"https:\/\/valmy1792.org\/?page_id=18\">Anderson<\/a> est dat\u00e9e&nbsp; de 1723.<\/p>\n\n\n\n<p>Trois loges londoniennes s\u2019\u00e9taient constitu\u00e9es en Grande loge.<\/p>\n\n\n\n<p>R\u00e9futant la th\u00e8se d\u2019une \u00ab&nbsp;ouverture des loges de constructeurs&nbsp;\u00bb&nbsp; \u00e0 l\u2019aristocratie et \u00e0 la bourgeoisie&nbsp; certains historiens (p.e. Charles PORSET) estiment que des membres de l\u2019aristocratie lass\u00e9s des querelles pour le tr\u00f4ne aient souhait\u00e9 se r\u00e9unir en dehors de la tutelle royale. Ils appartenaient pour la plupart \u00e0 la Royal Society&nbsp;!<\/p>\n\n\n\n<p>Ils emprunt\u00e8rent les rituels des loges op\u00e9ratives\u00a0 pour leur r\u00e9union probablement pour se mettre \u00e0 l\u2019abri d\u2019une censure puisque cet usage \u00e9tait \u00e9tabli et par l\u00e0 difficilement punissable.<\/p>\n\n\n\n<p>La premi\u00e8re loge fran\u00e7aise fut \u00e9tablie \u00e0 Paris par des militaires anglais \u00ab&nbsp;jacobites&nbsp;\u00bb contraints de quitter l\u2019Angleterre qui avait choisi l\u2019autre camp.<\/p>\n\n\n\n<p>Elle int\u00e9grera bient\u00f4t des officiers fran\u00e7ais.<\/p>\n\n\n\n<p>Un ph\u00e9nom\u00e8ne de mode s\u2019installa et de nombreuses loges furent cr\u00e9\u00e9es.<\/p>\n\n\n\n<p>La Grande loge de France fut institu\u00e9e en 1735.<\/p>\n\n\n\n<p>Une scission intervint rapidement au sujet de la d\u00e9mocratie en loge.<\/p>\n\n\n\n<p>Le <a href=\"https:\/\/valmy1792.org\/?page_id=18\">Grand Orient<\/a> de France, adepte de l\u2019\u00e9lection des pr\u00e9sidents des loges, vit le jour en 1773.<\/p>\n\n\n\n<p>Fid\u00e8le \u00e0 cet id\u00e9al d\u00e9mocratique le <a href=\"https:\/\/valmy1792.org\/?page_id=18\">Grand Orient<\/a> inscrit en 1877 dans sa <a href=\"https:\/\/valmy1792.org\/?page_id=69\">constitution<\/a> la <a href=\"https:\/\/valmy1792.org\/?page_id=16\">libert\u00e9<\/a> de conscience, autorisant alors tout homme religieux ou non \u00e0 entrer en son seing apr\u00e8s une enqu\u00eate de moralit\u00e9.<\/p>\n\n\n\n<p><a><\/a>Il faudra attendre l\u2019ann\u00e9e 2010 pour que des femmes soient accept\u00e9es dans les Loges qui l\u2019auront d\u00e9cid\u00e9.<\/p>\n","protected":false},"excerpt":{"rendered":"<p>Les d\u00e9buts de la franc-ma\u00e7onnerie sont assez n\u00e9buleux. Il faut les situer entre 1712 et 1718 en Angleterre. La premi\u00e8re constitution dite d\u2019Anderson est dat\u00e9e&nbsp; de 1723. Trois loges londoniennes s\u2019\u00e9taient constitu\u00e9es en Grande loge. R\u00e9futant la th\u00e8se d\u2019une \u00ab&nbsp;ouverture des loges de constructeurs&nbsp;\u00bb&nbsp; \u00e0 l\u2019aristocratie et \u00e0 la bourgeoisie&nbsp; certains historiens (p.e. Charles PORSET) [&hellip;]<\/p>\n","protected":false},"author":1,"featured_media":152,"parent":0,"menu_order":0,"comment_status":"closed","ping_status":"closed","template":"","meta":{"footnotes":""},"class_list":["post-26","page","type-page","status-publish","has-post-thumbnail","hentry"],"_links":{"self":[{"href":"https:\/\/valmy1792.org\/index.php?rest_route=\/wp\/v2\/pages\/26","targetHints":{"allow":["GET"]}}],"collection":[{"href":"https:\/\/valmy1792.org\/index.php?rest_route=\/wp\/v2\/pages"}],"about":[{"href":"https:\/\/valmy1792.org\/index.php?rest_route=\/wp\/v2\/types\/page"}],"author":[{"embeddable":true,"href":"https:\/\/valmy1792.org\/index.php?rest_route=\/wp\/v2\/users\/1"}],"replies":[{"embeddable":true,"href":"https:\/\/valmy1792.org\/index.php?rest_route=%2Fwp%2Fv2%2Fcomments&post=26"}],"version-history":[{"count":5,"href":"https:\/\/valmy1792.org\/index.php?rest_route=\/wp\/v2\/pages\/26\/revisions"}],"predecessor-version":[{"id":899,"href":"https:\/\/valmy1792.org\/index.php?rest_route=\/wp\/v2\/pages\/26\/revisions\/899"}],"wp:featuredmedia":[{"embeddable":true,"href":"https:\/\/valmy1792.org\/index.php?rest_route=\/wp\/v2\/media\/152"}],"wp:attachment":[{"href":"https:\/\/valmy1792.org\/index.php?rest_route=%2Fwp%2Fv2%2Fmedia&parent=26"}],"curies":[{"name":"wp","href":"https:\/\/api.w.org\/{rel}","templated":true}]}}