{"id":25,"date":"2022-02-10T20:19:45","date_gmt":"2022-02-10T19:19:45","guid":{"rendered":"http:\/\/valmy1792.org\/?page_id=25"},"modified":"2022-02-11T12:21:40","modified_gmt":"2022-02-11T11:21:40","slug":"le-godf","status":"publish","type":"page","link":"https:\/\/valmy1792.org\/?page_id=25","title":{"rendered":"Le GODF"},"content":{"rendered":"\n<h1 class=\"wp-block-heading\" id=\"grand-orient-de-france\">Grand Orient de France<\/h1>\n\n\n\n<p>C&rsquo;est la premi\u00e8re <a href=\"https:\/\/valmy1792.org\/?page_id=69\">ob\u00e9dience<\/a> fran\u00e7aise.<\/p>\n\n\n\n<p>Elle est dite adogmatique au sens ou elle ne demande pas \u00e0 ses membres d&rsquo;adh\u00e9rer \u00e0 une religion.<\/p>\n\n\n\n<p>De plus elle permet de pratiquer plusieurs <a href=\"https:\/\/valmy1792.org\/?page_id=28\">protocoles<\/a> de <a href=\"https:\/\/valmy1792.org\/?page_id=29\">r\u00e9unions<\/a> d&rsquo;inspiration traditionnelle ou moderne.<\/p>\n\n\n\n<p>Le <a href=\"https:\/\/valmy1792.org\/?page_id=18\">Grand Orient<\/a> de France est mixte sans obligation car il laisse aux <a href=\"https:\/\/valmy1792.org\/?page_id=26\">loges<\/a> le choix d&rsquo;accepter ou non les femmes.<\/p>\n\n\n\n<p>La <a href=\"https:\/\/valmy1792.org\/?page_id=26\">loge<\/a> Valmy 1792 a choisi la <a href=\"https:\/\/valmy1792.org\/?page_id=26\">mixit\u00e9<\/a> d\u00e8s sa cr\u00e9ation en 2015.<\/p>\n","protected":false},"excerpt":{"rendered":"<p>Grand Orient de France C&rsquo;est la premi\u00e8re ob\u00e9dience fran\u00e7aise. Elle est dite adogmatique au sens ou elle ne demande pas \u00e0 ses membres d&rsquo;adh\u00e9rer \u00e0 une religion. De plus elle permet de pratiquer plusieurs protocoles de r\u00e9unions d&rsquo;inspiration traditionnelle ou moderne. Le Grand Orient de France est mixte sans obligation car il laisse aux loges [&hellip;]<\/p>\n","protected":false},"author":1,"featured_media":157,"parent":0,"menu_order":0,"comment_status":"closed","ping_status":"closed","template":"","meta":{"footnotes":""},"class_list":["post-25","page","type-page","status-publish","has-post-thumbnail","hentry"],"_links":{"self":[{"href":"https:\/\/valmy1792.org\/index.php?rest_route=\/wp\/v2\/pages\/25","targetHints":{"allow":["GET"]}}],"collection":[{"href":"https:\/\/valmy1792.org\/index.php?rest_route=\/wp\/v2\/pages"}],"about":[{"href":"https:\/\/valmy1792.org\/index.php?rest_route=\/wp\/v2\/types\/page"}],"author":[{"embeddable":true,"href":"https:\/\/valmy1792.org\/index.php?rest_route=\/wp\/v2\/users\/1"}],"replies":[{"embeddable":true,"href":"https:\/\/valmy1792.org\/index.php?rest_route=%2Fwp%2Fv2%2Fcomments&post=25"}],"version-history":[{"count":7,"href":"https:\/\/valmy1792.org\/index.php?rest_route=\/wp\/v2\/pages\/25\/revisions"}],"predecessor-version":[{"id":128,"href":"https:\/\/valmy1792.org\/index.php?rest_route=\/wp\/v2\/pages\/25\/revisions\/128"}],"wp:featuredmedia":[{"embeddable":true,"href":"https:\/\/valmy1792.org\/index.php?rest_route=\/wp\/v2\/media\/157"}],"wp:attachment":[{"href":"https:\/\/valmy1792.org\/index.php?rest_route=%2Fwp%2Fv2%2Fmedia&parent=25"}],"curies":[{"name":"wp","href":"https:\/\/api.w.org\/{rel}","templated":true}]}}