{"id":18,"date":"2022-02-10T20:13:54","date_gmt":"2022-02-10T19:13:54","guid":{"rendered":"http:\/\/valmy1792.org\/?page_id=18"},"modified":"2022-04-25T20:29:51","modified_gmt":"2022-04-25T18:29:51","slug":"franc-maconnerie","status":"publish","type":"page","link":"https:\/\/valmy1792.org\/?page_id=18","title":{"rendered":"La Franc-ma\u00e7onnerie pourquoi ?"},"content":{"rendered":"\n<p>Comme il est dit dans la <a href=\"https:\/\/valmy1792.org\/?page_id=69\">constitution<\/a> du <a href=\"https:\/\/valmy1792.org\/?page_id=26\">Grand Orient<\/a> de France pour perfectionner \u00e0 la fois l&rsquo;homme et la soci\u00e9t\u00e9.<\/p>\n\n\n\n<p><strong>Apprendre sur soi, apprendre de l&rsquo;autre dans un id\u00e9al collectif r\u00e9publicain.<\/strong><\/p>\n\n\n\n<blockquote class=\"wp-block-quote is-layout-flow wp-block-quote-is-layout-flow\"><p>Si tu diff\u00e9r\u00e9s de moi mon <a href=\"https:\/\/valmy1792.org\/?page_id=36\">fr\u00e8re<\/a>, loin de me l\u00e9ser, tu m&rsquo;enrichis<\/p><cite>Antoine de Saint Exup\u00e9ry<\/cite><\/blockquote>\n\n\n\n<p>La Franc-ma\u00e7onnerie utilise pour cela une <a href=\"https:\/\/valmy1792.org\/?page_id=16\">m\u00e9thode<\/a> ancestrale faite d&rsquo;\u00e9coute et de respect.<\/p>\n\n\n\n<p><\/p>\n","protected":false},"excerpt":{"rendered":"<p>Comme il est dit dans la constitution du Grand Orient de France pour perfectionner \u00e0 la fois l&rsquo;homme et la soci\u00e9t\u00e9. Apprendre sur soi, apprendre de l&rsquo;autre dans un id\u00e9al collectif r\u00e9publicain. Si tu diff\u00e9r\u00e9s de moi mon fr\u00e8re, loin de me l\u00e9ser, tu m&rsquo;enrichis Antoine de Saint Exup\u00e9ry La Franc-ma\u00e7onnerie utilise pour cela une [&hellip;]<\/p>\n","protected":false},"author":1,"featured_media":169,"parent":0,"menu_order":0,"comment_status":"closed","ping_status":"closed","template":"","meta":{"footnotes":""},"class_list":["post-18","page","type-page","status-publish","has-post-thumbnail","hentry"],"_links":{"self":[{"href":"https:\/\/valmy1792.org\/index.php?rest_route=\/wp\/v2\/pages\/18","targetHints":{"allow":["GET"]}}],"collection":[{"href":"https:\/\/valmy1792.org\/index.php?rest_route=\/wp\/v2\/pages"}],"about":[{"href":"https:\/\/valmy1792.org\/index.php?rest_route=\/wp\/v2\/types\/page"}],"author":[{"embeddable":true,"href":"https:\/\/valmy1792.org\/index.php?rest_route=\/wp\/v2\/users\/1"}],"replies":[{"embeddable":true,"href":"https:\/\/valmy1792.org\/index.php?rest_route=%2Fwp%2Fv2%2Fcomments&post=18"}],"version-history":[{"count":10,"href":"https:\/\/valmy1792.org\/index.php?rest_route=\/wp\/v2\/pages\/18\/revisions"}],"predecessor-version":[{"id":563,"href":"https:\/\/valmy1792.org\/index.php?rest_route=\/wp\/v2\/pages\/18\/revisions\/563"}],"wp:featuredmedia":[{"embeddable":true,"href":"https:\/\/valmy1792.org\/index.php?rest_route=\/wp\/v2\/media\/169"}],"wp:attachment":[{"href":"https:\/\/valmy1792.org\/index.php?rest_route=%2Fwp%2Fv2%2Fmedia&parent=18"}],"curies":[{"name":"wp","href":"https:\/\/api.w.org\/{rel}","templated":true}]}}