{"id":520,"date":"2022-03-29T17:36:22","date_gmt":"2022-03-29T15:36:22","guid":{"rendered":"http:\/\/valmy1792.org\/?page_id=520"},"modified":"2022-03-31T19:00:53","modified_gmt":"2022-03-31T17:00:53","slug":"en-cours-de-redaction","status":"publish","type":"page","link":"http:\/\/valmy1792.org\/?page_id=520","title":{"rendered":"Cr\u00e9dits images"},"content":{"rendered":"\n<figure class=\"wp-block-table\"><table><tbody><tr><td>Bandeau accueil<\/td><td>La bataille de Valmy<\/td><td><\/td><td>Eloi FERON (1802,1876)<\/td><\/tr><tr><td>Colonne lat\u00e9rale<\/td><td>Le moulin de Valmy<\/td><td><\/td><td>Horace VERNET (1789, 1863)<\/td><\/tr><tr><td><a href=\"http:\/\/valmy1792.org\/?page_id=18\">Franc-Ma\u00e7onnerie<\/a><\/td><td>L&rsquo;\u0153il<\/td><td><\/td><td>Freemason&rsquo;s Hall Londres<\/td><\/tr><tr><td>Son but<\/td><td>Bas relief <\/td><td><\/td><td><a href=\"http:\/\/valmy1792.org\/?page_id=69\">Equerre<\/a> et <a href=\"http:\/\/valmy1792.org\/?page_id=69\">compas<\/a> &#8211; Saumur<\/td><\/tr><tr><td>Origine<\/td><td>Livre et \u00e9querre<\/td><td><\/td><td>Anonyme<\/td><\/tr><tr><td>En France<\/td><td>Fresque du <a href=\"http:\/\/valmy1792.org\/?page_id=69\">temple<\/a> A.Groussier<\/td><td><\/td><td><a href=\"http:\/\/valmy1792.org\/?page_id=18\">Grand orient<\/a> de France<\/td><\/tr><tr><td>En pratique<\/td><td>Maquette de <a href=\"http:\/\/valmy1792.org\/?page_id=69\">temple<\/a><\/td><td><\/td><td>Mus\u00e9e de la <a href=\"http:\/\/valmy1792.org\/?page_id=28\">GLDF<\/a><\/td><\/tr><tr><td>FM c\u00e9l\u00e8bres<\/td><td>Statue de la <a href=\"http:\/\/valmy1792.org\/?page_id=16\">libert\u00e9<\/a><\/td><td><\/td><td>Domaine public<\/td><\/tr><tr><td><\/td><td><\/td><td><\/td><td><\/td><\/tr><tr><td>Buzz Aldrin<\/td><td>Photo<\/td><td><\/td><td>Commons.wikimedia.org<\/td><\/tr><tr><td>Auguste <a href=\"http:\/\/valmy1792.org\/?page_id=18\">Bartholdi<\/a><\/td><td>Portrait<\/td><td><\/td><td>Mus\u00e9e <a href=\"http:\/\/valmy1792.org\/?page_id=18\">Bartholdi<\/a> Mulhouse; Wikimedia commons.<\/td><\/tr><tr><td>Josephine Baker<\/td><td>Photo<\/td><td><\/td><td>Studio Harcourt (1940)<\/td><\/tr><tr><td>Sydney Bechet<\/td><td>Photo<\/td><td><\/td><td>popsike.com<\/td><\/tr><tr><td>Henri Caillavet<\/td><td>Photo<\/td><td><\/td><td>Ina.fr &#8211; Domaine public<\/td><\/tr><tr><td>Maria Deraismes<\/td><td>Photo<\/td><td><\/td><td>Domaine public<\/td><\/tr><tr><td>Frederic <a href=\"http:\/\/valmy1792.org\/?page_id=11\">Desmons<\/a><\/td><td>Dessin<\/td><td><\/td><td>Commons.wikimedia.org<\/td><\/tr><tr><td>Charles Fran\u00e7ois Dumouriez<\/td><td>Tableau<\/td><td><\/td><td>Domaine public<\/td><\/tr><tr><td>Fran\u00e7ois Chritophe <a href=\"http:\/\/valmy1792.org\/?page_id=69\">Kellermann<\/a><\/td><td>\u00ab\u00a0Le h\u00e9ros de Valmy\u00a0\u00bb<\/td><td><\/td><td>Toile de Lucile Foullon-Vachot<\/td><\/tr><tr><td>Rudyard <a href=\"http:\/\/valmy1792.org\/?page_id=69\">Kipling<\/a><\/td><td>Photo<\/td><td><\/td><td>Libray of Congress &#8211; Domaine public<\/td><\/tr><tr><td>Charles Lindbergh<\/td><td>Photo<\/td><td><\/td><td>Libray of Congress &#8211; Domaine public<\/td><\/tr><tr><td>Louise Michel<\/td><td>Photo<\/td><td><\/td><td>Domaine public<\/td><\/tr><tr><td>Wolfgang Amadeus <a href=\"http:\/\/valmy1792.org\/?page_id=69\">Mozart<\/a><\/td><td>Portrait<\/td><td><\/td><td>Barbara Krafft &#8211; Domaine public<\/td><\/tr><tr><td>Hugo <a href=\"http:\/\/valmy1792.org\/?page_id=69\">Pratt<\/a><\/td><td>Photo<\/td><td><\/td><td>Erling Mandelmann<\/td><\/tr><tr><td>Claude Joseph Rouget de Lisle<\/td><td>Buste de David d&rsquo;Angers<\/td><td><\/td><td>Mus\u00e9e historique &#8211; Strasbourg<\/td><\/tr><tr><td>Victor Shoelcher<\/td><td>Photo<\/td><td><\/td><td>Etienne Carjat &#8211; Domaine Public<\/td><\/tr><tr><td>Georges Washington<\/td><td>Portrait<\/td><td><\/td><td>Biography.icon<\/td><\/tr><tr><td>Achille Zavatta<\/td><td>Photo<\/td><td><\/td><td>undondemaitre<\/td><\/tr><tr><td><\/td><td><\/td><td><\/td><td><\/td><\/tr><tr><td>Valeurs<\/td><td>Trois philosophes<\/td><td><\/td><td>Attribu\u00e9 \u00e0 Giorgione 1509 ? Mus\u00e9e de Vienne<\/td><\/tr><tr><td>Le <a href=\"http:\/\/valmy1792.org\/?page_id=28\">GODF<\/a><\/td><td>Photo de la fa\u00e7ade<\/td><td><\/td><td>16 rue Cadet<\/td><\/tr><tr><td>F\u00e9d\u00e9ration<\/td><td>Photo de la fa\u00e7ade<\/td><td><\/td><td>16 rue Cadet<\/td><\/tr><tr><td>Choix d&rsquo;une <a href=\"http:\/\/valmy1792.org\/?page_id=26\">loge<\/a><\/td><td><a href=\"http:\/\/valmy1792.org\/?page_id=69\">temple<\/a> d&rsquo;Ep\u00f4ne<\/td><td><\/td><td>GNU Free documentation license<\/td><\/tr><tr><td>Vid\u00e9os<\/td><td>Une invitation du <a href=\"http:\/\/valmy1792.org\/?page_id=28\">GODF<\/a><\/td><td><\/td><td>Site du <a href=\"http:\/\/valmy1792.org\/?page_id=28\">GODF<\/a><\/td><\/tr><tr><td>La <a href=\"http:\/\/valmy1792.org\/?page_id=26\">loge<\/a><\/td><td><a href=\"http:\/\/valmy1792.org\/?page_id=69\">temple<\/a> de Rochefort<\/td><td><\/td><td>Office du tourisme dz Rochefort<\/td><\/tr><tr><td>Histoire<\/td><td>Bas relief 2<\/td><td><\/td><td>Square Paul Langevin &#8211; Paris<\/td><\/tr><tr><td>Composition<\/td><td>Estampe 1<\/td><td><\/td><td>Jacques-Philippe Le BAS (1707, 1783)<\/td><\/tr><tr><td>En pratique<\/td><td>Maquette d&rsquo;un <a href=\"http:\/\/valmy1792.org\/?page_id=69\">temple<\/a><\/td><td><\/td><td>Mus\u00e9e de la <a href=\"http:\/\/valmy1792.org\/?page_id=28\">GLDF<\/a><\/td><\/tr><tr><td><a href=\"http:\/\/valmy1792.org\/?page_id=68\">Admission<\/a><\/td><td>Estampe 2<\/td><td><\/td><td>fm-fr.org<\/td><\/tr><tr><td>Exemples de travaux<\/td><td>Monument droits de l&rsquo;Homme (d\u00e9tail) Champs de Mars Paris<\/td><td><\/td><td>eutouring.com<\/td><\/tr><tr><td>Contacter une <a href=\"http:\/\/valmy1792.org\/?page_id=26\">loge<\/a><\/td><td>Monument Joseph Sec Aix en Provence<\/td><td><\/td><td>Monumentum<\/td><\/tr><tr><td>Choix d&rsquo;une <a href=\"http:\/\/valmy1792.org\/?page_id=26\">loge<\/a><\/td><td><a href=\"http:\/\/valmy1792.org\/?page_id=69\">temple<\/a> d&rsquo;Ep\u00f4ne<\/td><td><\/td><td>GNU Free documentation <\/td><\/tr><tr><td>Parrainage<\/td><td><a href=\"http:\/\/valmy1792.org\/?page_id=69\">temple<\/a> de la philosophie Ermenonville<\/td><td><\/td><td>flickr.com<\/td><\/tr><tr><td><a href=\"http:\/\/valmy1792.org\/?page_id=68\">Proc\u00e9dure<\/a><\/td><td>Loupe<\/td><td><\/td><td>Anonyme<\/td><\/tr><tr><td><a href=\"http:\/\/valmy1792.org\/?page_id=68\">Admission<\/a><\/td><td>Estampe 2<\/td><td><\/td><td>fm-fr.org<\/td><\/tr><tr><td>Glossaire<\/td><td>Page de dictionnaire<\/td><td><\/td><td>Anonyme<\/td><\/tr><\/tbody><\/table><\/figure>\n","protected":false},"excerpt":{"rendered":"<p>Bandeau accueil La bataille de Valmy Eloi FERON (1802,1876) Colonne lat\u00e9rale Le moulin de Valmy Horace VERNET (1789, 1863) Franc-Ma\u00e7onnerie L&rsquo;\u0153il Freemason&rsquo;s Hall Londres Son but Bas relief Equerre et compas &#8211; Saumur Origine Livre et \u00e9querre Anonyme En France Fresque du temple A.Groussier Grand orient de France En pratique Maquette de temple Mus\u00e9e de [&hellip;]<\/p>\n","protected":false},"author":1,"featured_media":542,"parent":0,"menu_order":0,"comment_status":"closed","ping_status":"closed","template":"","meta":{"footnotes":""},"class_list":["post-520","page","type-page","status-publish","has-post-thumbnail","hentry"],"_links":{"self":[{"href":"http:\/\/valmy1792.org\/index.php?rest_route=\/wp\/v2\/pages\/520","targetHints":{"allow":["GET"]}}],"collection":[{"href":"http:\/\/valmy1792.org\/index.php?rest_route=\/wp\/v2\/pages"}],"about":[{"href":"http:\/\/valmy1792.org\/index.php?rest_route=\/wp\/v2\/types\/page"}],"author":[{"embeddable":true,"href":"http:\/\/valmy1792.org\/index.php?rest_route=\/wp\/v2\/users\/1"}],"replies":[{"embeddable":true,"href":"http:\/\/valmy1792.org\/index.php?rest_route=%2Fwp%2Fv2%2Fcomments&post=520"}],"version-history":[{"count":10,"href":"http:\/\/valmy1792.org\/index.php?rest_route=\/wp\/v2\/pages\/520\/revisions"}],"predecessor-version":[{"id":541,"href":"http:\/\/valmy1792.org\/index.php?rest_route=\/wp\/v2\/pages\/520\/revisions\/541"}],"wp:featuredmedia":[{"embeddable":true,"href":"http:\/\/valmy1792.org\/index.php?rest_route=\/wp\/v2\/media\/542"}],"wp:attachment":[{"href":"http:\/\/valmy1792.org\/index.php?rest_route=%2Fwp%2Fv2%2Fmedia&parent=520"}],"curies":[{"name":"wp","href":"https:\/\/api.w.org\/{rel}","templated":true}]}}