{"id":387,"date":"2022-03-05T11:09:35","date_gmt":"2022-03-05T10:09:35","guid":{"rendered":"http:\/\/valmy1792.org\/?page_id=387"},"modified":"2022-03-05T11:10:48","modified_gmt":"2022-03-05T10:10:48","slug":"remarque-importante","status":"publish","type":"page","link":"http:\/\/valmy1792.org\/?page_id=387","title":{"rendered":"Remarque importante"},"content":{"rendered":"\n<p>Le pr\u00e9sent site est con\u00e7u pour \u00eatre lisible sur tablette, smartphone et ordinateur.<\/p>\n\n\n\n<p>Toutefois sa lisibilit\u00e9 peut d\u00e9pendre d\u2019une mise \u00e0 jour du navigateur ou de l\u2019interface du lecteur.<\/p>\n\n\n\n<p>Les versions tablette et smartphone proposent un menu d\u00e9roulant unique contrairement \u00e0 la version pour ordinateur.<\/p>\n","protected":false},"excerpt":{"rendered":"<p>Le pr\u00e9sent site est con\u00e7u pour \u00eatre lisible sur tablette, smartphone et ordinateur. Toutefois sa lisibilit\u00e9 peut d\u00e9pendre d\u2019une mise \u00e0 jour du navigateur ou de l\u2019interface du lecteur. Les versions tablette et smartphone proposent un menu d\u00e9roulant unique contrairement \u00e0 la version pour ordinateur.<\/p>\n","protected":false},"author":1,"featured_media":0,"parent":0,"menu_order":0,"comment_status":"closed","ping_status":"closed","template":"","meta":{"footnotes":""},"class_list":["post-387","page","type-page","status-publish","hentry"],"_links":{"self":[{"href":"http:\/\/valmy1792.org\/index.php?rest_route=\/wp\/v2\/pages\/387","targetHints":{"allow":["GET"]}}],"collection":[{"href":"http:\/\/valmy1792.org\/index.php?rest_route=\/wp\/v2\/pages"}],"about":[{"href":"http:\/\/valmy1792.org\/index.php?rest_route=\/wp\/v2\/types\/page"}],"author":[{"embeddable":true,"href":"http:\/\/valmy1792.org\/index.php?rest_route=\/wp\/v2\/users\/1"}],"replies":[{"embeddable":true,"href":"http:\/\/valmy1792.org\/index.php?rest_route=%2Fwp%2Fv2%2Fcomments&post=387"}],"version-history":[{"count":1,"href":"http:\/\/valmy1792.org\/index.php?rest_route=\/wp\/v2\/pages\/387\/revisions"}],"predecessor-version":[{"id":388,"href":"http:\/\/valmy1792.org\/index.php?rest_route=\/wp\/v2\/pages\/387\/revisions\/388"}],"wp:attachment":[{"href":"http:\/\/valmy1792.org\/index.php?rest_route=%2Fwp%2Fv2%2Fmedia&parent=387"}],"curies":[{"name":"wp","href":"https:\/\/api.w.org\/{rel}","templated":true}]}}