{"id":30,"date":"2022-02-10T20:19:45","date_gmt":"2022-02-10T19:19:45","guid":{"rendered":"http:\/\/valmy1792.org\/?page_id=30"},"modified":"2022-02-11T20:49:13","modified_gmt":"2022-02-11T19:49:13","slug":"une-federation","status":"publish","type":"page","link":"http:\/\/valmy1792.org\/?page_id=30","title":{"rendered":"Une f\u00e9d\u00e9ration"},"content":{"rendered":"\n<p>Le <a href=\"http:\/\/valmy1792.org\/?page_id=18\">Grand Orient<\/a> de France est une association loi de 1901 \u00e0 l&rsquo;instar des <a href=\"http:\/\/valmy1792.org\/?page_id=26\">loges<\/a> qui le composent.<\/p>\n\n\n\n<p>C&rsquo;est donc une f\u00e9d\u00e9ration de <a href=\"http:\/\/valmy1792.org\/?page_id=26\">loges<\/a>.<\/p>\n\n\n\n<p>Le <a href=\"http:\/\/valmy1792.org\/?page_id=18\">Grand Orient<\/a> s&rsquo;est dot\u00e9 d&rsquo;une <a href=\"http:\/\/valmy1792.org\/?page_id=69\">constitution<\/a> et d&rsquo;un <a href=\"http:\/\/valmy1792.org\/?page_id=31\">r\u00e8glement<\/a> g\u00e9n\u00e9ral.<\/p>\n\n\n\n<h1 class=\"wp-block-heading\" id=\"gouvernance\">Gouvernance<\/h1>\n\n\n\n<p>Le <a href=\"http:\/\/valmy1792.org\/?page_id=18\">Grand Orient<\/a> de France fonctionne selon le principe d&rsquo;une stricte d\u00e9mocratie.<\/p>\n\n\n\n<p>Il poss\u00e8de donc :<\/p>\n\n\n\n<ul class=\"wp-block-list\"><li>Un l\u00e9gislatif<\/li><li>Un ex\u00e9cutif<\/li><li>Une juridiction \u00e0 trois niveaux<\/li><\/ul>\n\n\n\n<div style=\"height:38px\" aria-hidden=\"true\" class=\"wp-block-spacer\"><\/div>\n\n\n\n<p>Le <a href=\"http:\/\/valmy1792.org\/?page_id=18\">Grand Orient<\/a> est en quelque sorte responsable de la bonne application de sa <a href=\"http:\/\/valmy1792.org\/?page_id=69\">constitution<\/a> et de son <a href=\"http:\/\/valmy1792.org\/?page_id=31\">r\u00e8glement<\/a> g\u00e9n\u00e9ral par la possibilit\u00e9 de saisie de sa justice.<\/p>\n\n\n\n<p>Lors d\u2019une demande d\u2019<a href=\"http:\/\/valmy1792.org\/?page_id=68\">admission<\/a>, le <a href=\"http:\/\/valmy1792.org\/?page_id=28\">GODF<\/a> v\u00e9rifie si le demandeur n\u2019est pas d\u00e9j\u00e0 connu et interroge les autres ob\u00e9diences fran\u00e7aises dans le m\u00eame sens.<\/p>\n","protected":false},"excerpt":{"rendered":"<p>Le Grand Orient de France est une association loi de 1901 \u00e0 l&rsquo;instar des loges qui le composent. C&rsquo;est donc une f\u00e9d\u00e9ration de loges. Le Grand Orient s&rsquo;est dot\u00e9 d&rsquo;une constitution et d&rsquo;un r\u00e8glement g\u00e9n\u00e9ral. Gouvernance Le Grand Orient de France fonctionne selon le principe d&rsquo;une stricte d\u00e9mocratie. Il poss\u00e8de donc : Un l\u00e9gislatif Un [&hellip;]<\/p>\n","protected":false},"author":1,"featured_media":157,"parent":0,"menu_order":0,"comment_status":"closed","ping_status":"closed","template":"","meta":{"footnotes":""},"class_list":["post-30","page","type-page","status-publish","has-post-thumbnail","hentry"],"_links":{"self":[{"href":"http:\/\/valmy1792.org\/index.php?rest_route=\/wp\/v2\/pages\/30","targetHints":{"allow":["GET"]}}],"collection":[{"href":"http:\/\/valmy1792.org\/index.php?rest_route=\/wp\/v2\/pages"}],"about":[{"href":"http:\/\/valmy1792.org\/index.php?rest_route=\/wp\/v2\/types\/page"}],"author":[{"embeddable":true,"href":"http:\/\/valmy1792.org\/index.php?rest_route=\/wp\/v2\/users\/1"}],"replies":[{"embeddable":true,"href":"http:\/\/valmy1792.org\/index.php?rest_route=%2Fwp%2Fv2%2Fcomments&post=30"}],"version-history":[{"count":6,"href":"http:\/\/valmy1792.org\/index.php?rest_route=\/wp\/v2\/pages\/30\/revisions"}],"predecessor-version":[{"id":196,"href":"http:\/\/valmy1792.org\/index.php?rest_route=\/wp\/v2\/pages\/30\/revisions\/196"}],"wp:featuredmedia":[{"embeddable":true,"href":"http:\/\/valmy1792.org\/index.php?rest_route=\/wp\/v2\/media\/157"}],"wp:attachment":[{"href":"http:\/\/valmy1792.org\/index.php?rest_route=%2Fwp%2Fv2%2Fmedia&parent=30"}],"curies":[{"name":"wp","href":"https:\/\/api.w.org\/{rel}","templated":true}]}}