{"id":28,"date":"2022-02-10T20:19:45","date_gmt":"2022-02-10T19:19:45","guid":{"rendered":"http:\/\/valmy1792.org\/?page_id=28"},"modified":"2022-03-04T18:57:48","modified_gmt":"2022-03-04T17:57:48","slug":"en-france","status":"publish","type":"page","link":"http:\/\/valmy1792.org\/?page_id=28","title":{"rendered":"En France"},"content":{"rendered":"\n<p>En France la <a href=\"http:\/\/valmy1792.org\/?page_id=18\">Franc-ma\u00e7onnerie<\/a> est divis\u00e9e en plusieurs \u00ab&nbsp;ob\u00e9diences&nbsp;\u00bb.<\/p>\n\n\n\n<p>Les principales sont&nbsp;:<\/p>\n\n\n\n<p>Le <a href=\"http:\/\/valmy1792.org\/?page_id=18\">Grand Orient<\/a> de France (GODF)<\/p>\n\n\n\n<p>Le Droit Humain (DH)<\/p>\n\n\n\n<p>Les deux premi\u00e8res sont mixtes contrairement aux autres.<\/p>\n\n\n\n<p>La <a href=\"http:\/\/valmy1792.org\/?page_id=26\">Grande Loge<\/a> de France (GLDF)<\/p>\n\n\n\n<p>La <a href=\"http:\/\/valmy1792.org\/?page_id=26\">Grande Loge<\/a> F\u00e9minine de France (GLFF)<\/p>\n\n\n\n<p>Le GODF et la GLFF proposent de nombreux protocoles de <a href=\"http:\/\/valmy1792.org\/?page_id=29\">r\u00e9unions<\/a> quand le DH et la GLDF n\u2019en proposent qu\u2019un seul.<\/p>\n\n\n\n<p>Ces protocoles diff\u00e9rent selon leur inspiration plus ou moins christique, \u00e9sot\u00e9rique et\/ou chevaleresque.<\/p>\n\n\n\n<p>Le <a href=\"http:\/\/valmy1792.org\/?page_id=31\">parrain<\/a> ou la marraine d\u2019un aspirant doit avoir ces diff\u00e9rences \u00e0 l\u2019esprit pour bien orienter son prot\u00e9g\u00e9.<\/p>\n","protected":false},"excerpt":{"rendered":"<p>En France la Franc-ma\u00e7onnerie est divis\u00e9e en plusieurs \u00ab&nbsp;ob\u00e9diences&nbsp;\u00bb. Les principales sont&nbsp;: Le Grand Orient de France (GODF) Le Droit Humain (DH) Les deux premi\u00e8res sont mixtes contrairement aux autres. La Grande Loge de France (GLDF) La Grande Loge F\u00e9minine de France (GLFF) Le GODF et la GLFF proposent de nombreux protocoles de r\u00e9unions quand [&hellip;]<\/p>\n","protected":false},"author":1,"featured_media":153,"parent":0,"menu_order":0,"comment_status":"closed","ping_status":"closed","template":"","meta":{"footnotes":""},"class_list":["post-28","page","type-page","status-publish","has-post-thumbnail","hentry"],"_links":{"self":[{"href":"http:\/\/valmy1792.org\/index.php?rest_route=\/wp\/v2\/pages\/28","targetHints":{"allow":["GET"]}}],"collection":[{"href":"http:\/\/valmy1792.org\/index.php?rest_route=\/wp\/v2\/pages"}],"about":[{"href":"http:\/\/valmy1792.org\/index.php?rest_route=\/wp\/v2\/types\/page"}],"author":[{"embeddable":true,"href":"http:\/\/valmy1792.org\/index.php?rest_route=\/wp\/v2\/users\/1"}],"replies":[{"embeddable":true,"href":"http:\/\/valmy1792.org\/index.php?rest_route=%2Fwp%2Fv2%2Fcomments&post=28"}],"version-history":[{"count":6,"href":"http:\/\/valmy1792.org\/index.php?rest_route=\/wp\/v2\/pages\/28\/revisions"}],"predecessor-version":[{"id":337,"href":"http:\/\/valmy1792.org\/index.php?rest_route=\/wp\/v2\/pages\/28\/revisions\/337"}],"wp:featuredmedia":[{"embeddable":true,"href":"http:\/\/valmy1792.org\/index.php?rest_route=\/wp\/v2\/media\/153"}],"wp:attachment":[{"href":"http:\/\/valmy1792.org\/index.php?rest_route=%2Fwp%2Fv2%2Fmedia&parent=28"}],"curies":[{"name":"wp","href":"https:\/\/api.w.org\/{rel}","templated":true}]}}