{"id":16,"date":"2022-02-10T20:13:54","date_gmt":"2022-02-10T19:13:54","guid":{"rendered":"http:\/\/valmy1792.org\/?page_id=16"},"modified":"2022-03-04T18:54:06","modified_gmt":"2022-03-04T17:54:06","slug":"but-de-la-franc-maconnerie","status":"publish","type":"page","link":"http:\/\/valmy1792.org\/?page_id=16","title":{"rendered":"But de la Franc-ma\u00e7onnerie"},"content":{"rendered":"\n<p>Comme il est dit dans la <a href=\"http:\/\/valmy1792.org\/?page_id=69\">constitution<\/a> (du <a href=\"http:\/\/valmy1792.org\/?page_id=18\">Grand Orient<\/a> de France) son but est d\u2019am\u00e9liorer \u00e0 la fois l\u2019homme et la soci\u00e9t\u00e9.<\/p>\n\n\n\n<p>Pour ce faire elle utilise une m\u00e9thode qui lui est propre. Cette m\u00e9thode ne contrevient en rien \u00e0 la morale ni aux lois<\/p>\n\n\n\n<p>La <a href=\"http:\/\/valmy1792.org\/?page_id=18\">Franc-ma\u00e7onnerie<\/a> pr\u00f4ne <strong>la <a href=\"http:\/\/valmy1792.org\/?page_id=24\">tol\u00e9rance<\/a> et la fraternit\u00e9 universelle.<\/strong><\/p>\n\n\n\n<p>Elle tend \u00e0 l\u2019application des valeurs de la <strong>R\u00e9publique <\/strong>telles qu\u2019\u00e9nonc\u00e9es dans sa devise <strong>Libert\u00e9, Egalit\u00e9, Fraternit\u00e9<\/strong> \u00e0 laquelle on peut ajouter la <strong>La\u00efcit\u00e9<\/strong>.<\/p>\n","protected":false},"excerpt":{"rendered":"<p>Comme il est dit dans la constitution (du Grand Orient de France) son but est d\u2019am\u00e9liorer \u00e0 la fois l\u2019homme et la soci\u00e9t\u00e9. Pour ce faire elle utilise une m\u00e9thode qui lui est propre. Cette m\u00e9thode ne contrevient en rien \u00e0 la morale ni aux lois La Franc-ma\u00e7onnerie pr\u00f4ne la tol\u00e9rance et la fraternit\u00e9 universelle. [&hellip;]<\/p>\n","protected":false},"author":1,"featured_media":171,"parent":0,"menu_order":0,"comment_status":"closed","ping_status":"closed","template":"","meta":{"footnotes":""},"class_list":["post-16","page","type-page","status-publish","has-post-thumbnail","hentry"],"_links":{"self":[{"href":"http:\/\/valmy1792.org\/index.php?rest_route=\/wp\/v2\/pages\/16","targetHints":{"allow":["GET"]}}],"collection":[{"href":"http:\/\/valmy1792.org\/index.php?rest_route=\/wp\/v2\/pages"}],"about":[{"href":"http:\/\/valmy1792.org\/index.php?rest_route=\/wp\/v2\/types\/page"}],"author":[{"embeddable":true,"href":"http:\/\/valmy1792.org\/index.php?rest_route=\/wp\/v2\/users\/1"}],"replies":[{"embeddable":true,"href":"http:\/\/valmy1792.org\/index.php?rest_route=%2Fwp%2Fv2%2Fcomments&post=16"}],"version-history":[{"count":5,"href":"http:\/\/valmy1792.org\/index.php?rest_route=\/wp\/v2\/pages\/16\/revisions"}],"predecessor-version":[{"id":254,"href":"http:\/\/valmy1792.org\/index.php?rest_route=\/wp\/v2\/pages\/16\/revisions\/254"}],"wp:featuredmedia":[{"embeddable":true,"href":"http:\/\/valmy1792.org\/index.php?rest_route=\/wp\/v2\/media\/171"}],"wp:attachment":[{"href":"http:\/\/valmy1792.org\/index.php?rest_route=%2Fwp%2Fv2%2Fmedia&parent=16"}],"curies":[{"name":"wp","href":"https:\/\/api.w.org\/{rel}","templated":true}]}}